{"id":46061,"date":"2024-10-01T14:34:18","date_gmt":"2024-10-01T17:34:18","guid":{"rendered":"https:\/\/cipec.com.br\/esp\/?post_type=product&#038;p=46061"},"modified":"2024-10-01T14:34:21","modified_gmt":"2024-10-01T17:34:21","slug":"2tb607439","status":"publish","type":"product","link":"https:\/\/cipec.com.br\/esp\/produto\/2tb607439\/","title":{"rendered":"2TB607439"},"content":{"rendered":"<\/p>\n<ul>\n<li>009537&nbsp;<b>VW<\/b><\/li>\n<li>2TB607439&nbsp;<b>VW<\/b><\/li>\n<li>0004291097&nbsp;<b>MERCEDES<\/b><\/li>\n<li>0004293395&nbsp;<b>MERCEDES<\/b><\/li>\n<li>0004293695&nbsp;<b>MERCEDES<\/b><\/li>\n<li>0004293795&nbsp;<b>MERCEDES<\/b><\/li>\n<li>0004300669&nbsp;<b>MERCEDES<\/b><\/li>\n<li>0004300969&nbsp;<b>MERCEDES<\/b><\/li>\n<li>699387&nbsp;<b>DAF<\/b><\/li>\n<li>SDA3213&nbsp;<b>VOX<\/b><\/li>\n<li>1987434001&nbsp;<b>BOSCH<\/b><\/li>\n<li>1487434901&nbsp;<b>BOSCH<\/b><\/li>\n<li>50013305&nbsp;<b>KS<\/b><\/li>\n<li>019907612&nbsp;<b>IVECO<\/b><\/li>\n<li>1900812&nbsp;<b>IVECO<\/b><\/li>\n<li>1907612&nbsp;<b>IVECO<\/b><\/li>\n<li>2992261&nbsp;<b>IVECO<\/b><\/li>\n<li>8123564&nbsp;<b>IVECO<\/b><\/li>\n<li>8190948&nbsp;<b>IVECO<\/b><\/li>\n<li>81521020008&nbsp;<b>MANN<\/b><\/li>\n<li>81521020009&nbsp;<b>MANN<\/b><\/li>\n<li>81521020010&nbsp;<b>MANN<\/b><\/li>\n<li>17793\/004&nbsp;<b>KNORR<\/b><\/li>\n<li>85127\/004&nbsp;<b>KNORR<\/b><\/li>\n<li>4324102212&nbsp;<b>WABCO<\/b><\/li>\n<li>4324102222&nbsp;<b>WABCO<\/b><\/li>\n<li>4324102227&nbsp;<b>WABCO<\/b><\/li>\n<li>4324202202&nbsp;<b>WABCO<\/b><\/li>\n<li>4329980202&nbsp;<b>WABCO<\/b><\/li>\n<\/ul>\n","protected":false},"excerpt":{"rendered":"<p>Filtro Secador Valv. Apu<\/p>\n","protected":false},"featured_media":36371,"template":"","meta":{"_joinchat":[]},"product_brand":[],"product_cat":[85],"product_tag":[59],"class_list":{"0":"post-46061","1":"product","2":"type-product","3":"status-publish","4":"has-post-thumbnail","6":"product_cat-filtro","7":"product_tag-vw","9":"first","10":"outofstock","11":"featured","12":"shipping-taxable","13":"product-type-simple"},"yoast_head":"<!-- This site is optimized with the Yoast SEO plugin v27.1.1 - https:\/\/yoast.com\/product\/yoast-seo-wordpress\/ -->\n<title>2TB607439 - Cipec Industrial de Autope\u00e7as LTDA<\/title>\n<meta name=\"robots\" content=\"index, follow, max-snippet:-1, max-image-preview:large, max-video-preview:-1\" \/>\n<link rel=\"canonical\" href=\"https:\/\/cipec.com.br\/esp\/produto\/2tb607439\/\" \/>\n<meta property=\"og:locale\" content=\"pt_BR\" \/>\n<meta property=\"og:type\" content=\"article\" \/>\n<meta property=\"og:title\" content=\"2TB607439 - Cipec Industrial de Autope\u00e7as LTDA\" \/>\n<meta property=\"og:description\" content=\"Filtro Secador Valv. Apu\" \/>\n<meta property=\"og:url\" content=\"https:\/\/cipec.com.br\/esp\/produto\/2tb607439\/\" \/>\n<meta property=\"og:site_name\" content=\"Cipec Industrial de Autope\u00e7as LTDA\" \/>\n<meta property=\"article:modified_time\" content=\"2024-10-01T17:34:21+00:00\" \/>\n<meta property=\"og:image\" content=\"https:\/\/cipec.com.br\/esp\/wp-content\/uploads\/2024\/08\/009537.jpg\" \/>\n\t<meta property=\"og:image:width\" content=\"350\" \/>\n\t<meta property=\"og:image:height\" content=\"290\" \/>\n\t<meta property=\"og:image:type\" content=\"image\/jpeg\" \/>\n<meta name=\"twitter:card\" content=\"summary_large_image\" \/>\n<script type=\"application\/ld+json\" class=\"yoast-schema-graph\">{\"@context\":\"https:\/\/schema.org\",\"@graph\":[{\"@type\":\"WebPage\",\"@id\":\"https:\/\/cipec.com.br\/esp\/produto\/2tb607439\/\",\"url\":\"https:\/\/cipec.com.br\/esp\/produto\/2tb607439\/\",\"name\":\"2TB607439 - Cipec Industrial de Autope\u00e7as LTDA\",\"isPartOf\":{\"@id\":\"https:\/\/cipec.com.br\/esp\/#website\"},\"primaryImageOfPage\":{\"@id\":\"https:\/\/cipec.com.br\/esp\/produto\/2tb607439\/#primaryimage\"},\"image\":{\"@id\":\"https:\/\/cipec.com.br\/esp\/produto\/2tb607439\/#primaryimage\"},\"thumbnailUrl\":\"https:\/\/cipec.com.br\/esp\/wp-content\/uploads\/2024\/08\/009537.jpg\",\"datePublished\":\"2024-10-01T17:34:18+00:00\",\"dateModified\":\"2024-10-01T17:34:21+00:00\",\"breadcrumb\":{\"@id\":\"https:\/\/cipec.com.br\/esp\/produto\/2tb607439\/#breadcrumb\"},\"inLanguage\":\"pt-BR\",\"potentialAction\":[{\"@type\":\"ReadAction\",\"target\":[\"https:\/\/cipec.com.br\/esp\/produto\/2tb607439\/\"]}]},{\"@type\":\"ImageObject\",\"inLanguage\":\"pt-BR\",\"@id\":\"https:\/\/cipec.com.br\/esp\/produto\/2tb607439\/#primaryimage\",\"url\":\"https:\/\/cipec.com.br\/esp\/wp-content\/uploads\/2024\/08\/009537.jpg\",\"contentUrl\":\"https:\/\/cipec.com.br\/esp\/wp-content\/uploads\/2024\/08\/009537.jpg\",\"width\":350,\"height\":290},{\"@type\":\"BreadcrumbList\",\"@id\":\"https:\/\/cipec.com.br\/esp\/produto\/2tb607439\/#breadcrumb\",\"itemListElement\":[{\"@type\":\"ListItem\",\"position\":1,\"name\":\"Home\",\"item\":\"https:\/\/cipec.com.br\/esp\/\"},{\"@type\":\"ListItem\",\"position\":2,\"name\":\"Produtos\",\"item\":\"https:\/\/cipec.com.br\/esp\/shop\/\"},{\"@type\":\"ListItem\",\"position\":3,\"name\":\"2TB607439\"}]},{\"@type\":\"WebSite\",\"@id\":\"https:\/\/cipec.com.br\/esp\/#website\",\"url\":\"https:\/\/cipec.com.br\/esp\/\",\"name\":\"Cipec Industrial de Autope\u00e7as LTDA\",\"description\":\"A Cipec \u00e9 uma empresa que iniciou suas atividades em 1983 na cidade de S\u00e3o Caetano, como distribuidor e fabricante de pe\u00e7as de reposi\u00e7\u00e3o para caminh\u00f5es e \u00f4nibus.\",\"publisher\":{\"@id\":\"https:\/\/cipec.com.br\/esp\/#organization\"},\"potentialAction\":[{\"@type\":\"SearchAction\",\"target\":{\"@type\":\"EntryPoint\",\"urlTemplate\":\"https:\/\/cipec.com.br\/esp\/?s={search_term_string}\"},\"query-input\":{\"@type\":\"PropertyValueSpecification\",\"valueRequired\":true,\"valueName\":\"search_term_string\"}}],\"inLanguage\":\"pt-BR\"},{\"@type\":\"Organization\",\"@id\":\"https:\/\/cipec.com.br\/esp\/#organization\",\"name\":\"Cipec Industrial de Autope\u00e7as LTDA\",\"url\":\"https:\/\/cipec.com.br\/esp\/\",\"logo\":{\"@type\":\"ImageObject\",\"inLanguage\":\"pt-BR\",\"@id\":\"https:\/\/cipec.com.br\/esp\/#\/schema\/logo\/image\/\",\"url\":\"https:\/\/cipec.com.br\/esp\/wp-content\/uploads\/2024\/07\/cropped-marca-cipec.png\",\"contentUrl\":\"https:\/\/cipec.com.br\/esp\/wp-content\/uploads\/2024\/07\/cropped-marca-cipec.png\",\"width\":210,\"height\":70,\"caption\":\"Cipec Industrial de Autope\u00e7as LTDA\"},\"image\":{\"@id\":\"https:\/\/cipec.com.br\/esp\/#\/schema\/logo\/image\/\"}}]}<\/script>\n<!-- \/ Yoast SEO plugin. -->","yoast_head_json":{"title":"2TB607439 - Cipec Industrial de Autope\u00e7as LTDA","robots":{"index":"index","follow":"follow","max-snippet":"max-snippet:-1","max-image-preview":"max-image-preview:large","max-video-preview":"max-video-preview:-1"},"canonical":"https:\/\/cipec.com.br\/esp\/produto\/2tb607439\/","og_locale":"pt_BR","og_type":"article","og_title":"2TB607439 - Cipec Industrial de Autope\u00e7as LTDA","og_description":"Filtro Secador Valv. Apu","og_url":"https:\/\/cipec.com.br\/esp\/produto\/2tb607439\/","og_site_name":"Cipec Industrial de Autope\u00e7as LTDA","article_modified_time":"2024-10-01T17:34:21+00:00","og_image":[{"width":350,"height":290,"url":"https:\/\/cipec.com.br\/esp\/wp-content\/uploads\/2024\/08\/009537.jpg","type":"image\/jpeg"}],"twitter_card":"summary_large_image","schema":{"@context":"https:\/\/schema.org","@graph":[{"@type":"WebPage","@id":"https:\/\/cipec.com.br\/esp\/produto\/2tb607439\/","url":"https:\/\/cipec.com.br\/esp\/produto\/2tb607439\/","name":"2TB607439 - Cipec Industrial de Autope\u00e7as LTDA","isPartOf":{"@id":"https:\/\/cipec.com.br\/esp\/#website"},"primaryImageOfPage":{"@id":"https:\/\/cipec.com.br\/esp\/produto\/2tb607439\/#primaryimage"},"image":{"@id":"https:\/\/cipec.com.br\/esp\/produto\/2tb607439\/#primaryimage"},"thumbnailUrl":"https:\/\/cipec.com.br\/esp\/wp-content\/uploads\/2024\/08\/009537.jpg","datePublished":"2024-10-01T17:34:18+00:00","dateModified":"2024-10-01T17:34:21+00:00","breadcrumb":{"@id":"https:\/\/cipec.com.br\/esp\/produto\/2tb607439\/#breadcrumb"},"inLanguage":"pt-BR","potentialAction":[{"@type":"ReadAction","target":["https:\/\/cipec.com.br\/esp\/produto\/2tb607439\/"]}]},{"@type":"ImageObject","inLanguage":"pt-BR","@id":"https:\/\/cipec.com.br\/esp\/produto\/2tb607439\/#primaryimage","url":"https:\/\/cipec.com.br\/esp\/wp-content\/uploads\/2024\/08\/009537.jpg","contentUrl":"https:\/\/cipec.com.br\/esp\/wp-content\/uploads\/2024\/08\/009537.jpg","width":350,"height":290},{"@type":"BreadcrumbList","@id":"https:\/\/cipec.com.br\/esp\/produto\/2tb607439\/#breadcrumb","itemListElement":[{"@type":"ListItem","position":1,"name":"Home","item":"https:\/\/cipec.com.br\/esp\/"},{"@type":"ListItem","position":2,"name":"Produtos","item":"https:\/\/cipec.com.br\/esp\/shop\/"},{"@type":"ListItem","position":3,"name":"2TB607439"}]},{"@type":"WebSite","@id":"https:\/\/cipec.com.br\/esp\/#website","url":"https:\/\/cipec.com.br\/esp\/","name":"Cipec Industrial de Autope\u00e7as LTDA","description":"A Cipec \u00e9 uma empresa que iniciou suas atividades em 1983 na cidade de S\u00e3o Caetano, como distribuidor e fabricante de pe\u00e7as de reposi\u00e7\u00e3o para caminh\u00f5es e \u00f4nibus.","publisher":{"@id":"https:\/\/cipec.com.br\/esp\/#organization"},"potentialAction":[{"@type":"SearchAction","target":{"@type":"EntryPoint","urlTemplate":"https:\/\/cipec.com.br\/esp\/?s={search_term_string}"},"query-input":{"@type":"PropertyValueSpecification","valueRequired":true,"valueName":"search_term_string"}}],"inLanguage":"pt-BR"},{"@type":"Organization","@id":"https:\/\/cipec.com.br\/esp\/#organization","name":"Cipec Industrial de Autope\u00e7as LTDA","url":"https:\/\/cipec.com.br\/esp\/","logo":{"@type":"ImageObject","inLanguage":"pt-BR","@id":"https:\/\/cipec.com.br\/esp\/#\/schema\/logo\/image\/","url":"https:\/\/cipec.com.br\/esp\/wp-content\/uploads\/2024\/07\/cropped-marca-cipec.png","contentUrl":"https:\/\/cipec.com.br\/esp\/wp-content\/uploads\/2024\/07\/cropped-marca-cipec.png","width":210,"height":70,"caption":"Cipec Industrial de Autope\u00e7as LTDA"},"image":{"@id":"https:\/\/cipec.com.br\/esp\/#\/schema\/logo\/image\/"}}]}},"_links":{"self":[{"href":"https:\/\/cipec.com.br\/esp\/wp-json\/wp\/v2\/product\/46061","targetHints":{"allow":["GET"]}}],"collection":[{"href":"https:\/\/cipec.com.br\/esp\/wp-json\/wp\/v2\/product"}],"about":[{"href":"https:\/\/cipec.com.br\/esp\/wp-json\/wp\/v2\/types\/product"}],"version-history":[{"count":0,"href":"https:\/\/cipec.com.br\/esp\/wp-json\/wp\/v2\/product\/46061\/revisions"}],"wp:featuredmedia":[{"embeddable":true,"href":"https:\/\/cipec.com.br\/esp\/wp-json\/wp\/v2\/media\/36371"}],"wp:attachment":[{"href":"https:\/\/cipec.com.br\/esp\/wp-json\/wp\/v2\/media?parent=46061"}],"wp:term":[{"taxonomy":"product_brand","embeddable":true,"href":"https:\/\/cipec.com.br\/esp\/wp-json\/wp\/v2\/product_brand?post=46061"},{"taxonomy":"product_cat","embeddable":true,"href":"https:\/\/cipec.com.br\/esp\/wp-json\/wp\/v2\/product_cat?post=46061"},{"taxonomy":"product_tag","embeddable":true,"href":"https:\/\/cipec.com.br\/esp\/wp-json\/wp\/v2\/product_tag?post=46061"}],"curies":[{"name":"wp","href":"https:\/\/api.w.org\/{rel}","templated":true}]}}