{"id":48347,"date":"2024-10-01T14:44:03","date_gmt":"2024-10-01T17:44:03","guid":{"rendered":"https:\/\/cipec.com.br\/esp\/?post_type=product&#038;p=48347"},"modified":"2024-10-01T14:44:05","modified_gmt":"2024-10-01T17:44:05","slug":"0025867443","status":"publish","type":"product","link":"https:\/\/cipec.com.br\/esp\/produto\/0025867443\/","title":{"rendered":"0025867443"},"content":{"rendered":"<\/p>\n<ul>\n<li>006438&nbsp;<b>MERCEDES<\/b><\/li>\n<li>0025867443&nbsp;<b>MERCEDES<\/b><\/li>\n<li>&nbsp;<b><\/b><\/li>\n<li>9617220022&nbsp;<b>WABCO<\/b><\/li>\n<li>9617229052&nbsp;<b>WABCO<\/b><\/li>\n<li>6889577 V&nbsp;<b>VOLVO<\/b><\/li>\n<li>T11698917&nbsp;<b>VW<\/b><\/li>\n<li>1953780 X&nbsp;<b>SCANIA<\/b><\/li>\n<\/ul>\n","protected":false},"excerpt":{"rendered":"<p>Reparo Manetin 02 Saidas Wabco<\/p>\n","protected":false},"featured_media":34653,"template":"","meta":{"_joinchat":[]},"product_brand":[],"product_cat":[141],"product_tag":[65],"class_list":{"0":"post-48347","1":"product","2":"type-product","3":"status-publish","4":"has-post-thumbnail","6":"product_cat-reparo-freio","7":"product_tag-mercedes","9":"first","10":"outofstock","11":"featured","12":"shipping-taxable","13":"product-type-simple"},"yoast_head":"<!-- This site is optimized with the Yoast SEO plugin v27.1.1 - https:\/\/yoast.com\/product\/yoast-seo-wordpress\/ -->\n<title>0025867443 - Cipec Industrial de Autope\u00e7as LTDA<\/title>\n<meta name=\"robots\" content=\"index, follow, max-snippet:-1, max-image-preview:large, max-video-preview:-1\" \/>\n<link rel=\"canonical\" href=\"https:\/\/cipec.com.br\/esp\/produto\/0025867443\/\" \/>\n<meta property=\"og:locale\" content=\"pt_BR\" \/>\n<meta property=\"og:type\" content=\"article\" \/>\n<meta property=\"og:title\" content=\"0025867443 - Cipec Industrial de Autope\u00e7as LTDA\" \/>\n<meta property=\"og:description\" content=\"Reparo Manetin 02 Saidas Wabco\" \/>\n<meta property=\"og:url\" content=\"https:\/\/cipec.com.br\/esp\/produto\/0025867443\/\" \/>\n<meta property=\"og:site_name\" content=\"Cipec Industrial de Autope\u00e7as LTDA\" \/>\n<meta property=\"article:modified_time\" content=\"2024-10-01T17:44:05+00:00\" \/>\n<meta property=\"og:image\" content=\"https:\/\/cipec.com.br\/esp\/wp-content\/uploads\/2024\/08\/006438.jpg\" \/>\n\t<meta property=\"og:image:width\" content=\"350\" \/>\n\t<meta property=\"og:image:height\" content=\"241\" \/>\n\t<meta property=\"og:image:type\" content=\"image\/jpeg\" \/>\n<meta name=\"twitter:card\" content=\"summary_large_image\" \/>\n<script type=\"application\/ld+json\" class=\"yoast-schema-graph\">{\"@context\":\"https:\/\/schema.org\",\"@graph\":[{\"@type\":\"WebPage\",\"@id\":\"https:\/\/cipec.com.br\/esp\/produto\/0025867443\/\",\"url\":\"https:\/\/cipec.com.br\/esp\/produto\/0025867443\/\",\"name\":\"0025867443 - Cipec Industrial de Autope\u00e7as LTDA\",\"isPartOf\":{\"@id\":\"https:\/\/cipec.com.br\/esp\/#website\"},\"primaryImageOfPage\":{\"@id\":\"https:\/\/cipec.com.br\/esp\/produto\/0025867443\/#primaryimage\"},\"image\":{\"@id\":\"https:\/\/cipec.com.br\/esp\/produto\/0025867443\/#primaryimage\"},\"thumbnailUrl\":\"https:\/\/cipec.com.br\/esp\/wp-content\/uploads\/2024\/08\/006438.jpg\",\"datePublished\":\"2024-10-01T17:44:03+00:00\",\"dateModified\":\"2024-10-01T17:44:05+00:00\",\"breadcrumb\":{\"@id\":\"https:\/\/cipec.com.br\/esp\/produto\/0025867443\/#breadcrumb\"},\"inLanguage\":\"pt-BR\",\"potentialAction\":[{\"@type\":\"ReadAction\",\"target\":[\"https:\/\/cipec.com.br\/esp\/produto\/0025867443\/\"]}]},{\"@type\":\"ImageObject\",\"inLanguage\":\"pt-BR\",\"@id\":\"https:\/\/cipec.com.br\/esp\/produto\/0025867443\/#primaryimage\",\"url\":\"https:\/\/cipec.com.br\/esp\/wp-content\/uploads\/2024\/08\/006438.jpg\",\"contentUrl\":\"https:\/\/cipec.com.br\/esp\/wp-content\/uploads\/2024\/08\/006438.jpg\",\"width\":350,\"height\":241},{\"@type\":\"BreadcrumbList\",\"@id\":\"https:\/\/cipec.com.br\/esp\/produto\/0025867443\/#breadcrumb\",\"itemListElement\":[{\"@type\":\"ListItem\",\"position\":1,\"name\":\"Home\",\"item\":\"https:\/\/cipec.com.br\/esp\/\"},{\"@type\":\"ListItem\",\"position\":2,\"name\":\"Produtos\",\"item\":\"https:\/\/cipec.com.br\/esp\/shop\/\"},{\"@type\":\"ListItem\",\"position\":3,\"name\":\"0025867443\"}]},{\"@type\":\"WebSite\",\"@id\":\"https:\/\/cipec.com.br\/esp\/#website\",\"url\":\"https:\/\/cipec.com.br\/esp\/\",\"name\":\"Cipec Industrial de Autope\u00e7as LTDA\",\"description\":\"A Cipec \u00e9 uma empresa que iniciou suas atividades em 1983 na cidade de S\u00e3o Caetano, como distribuidor e fabricante de pe\u00e7as de reposi\u00e7\u00e3o para caminh\u00f5es e \u00f4nibus.\",\"publisher\":{\"@id\":\"https:\/\/cipec.com.br\/esp\/#organization\"},\"potentialAction\":[{\"@type\":\"SearchAction\",\"target\":{\"@type\":\"EntryPoint\",\"urlTemplate\":\"https:\/\/cipec.com.br\/esp\/?s={search_term_string}\"},\"query-input\":{\"@type\":\"PropertyValueSpecification\",\"valueRequired\":true,\"valueName\":\"search_term_string\"}}],\"inLanguage\":\"pt-BR\"},{\"@type\":\"Organization\",\"@id\":\"https:\/\/cipec.com.br\/esp\/#organization\",\"name\":\"Cipec Industrial de Autope\u00e7as LTDA\",\"url\":\"https:\/\/cipec.com.br\/esp\/\",\"logo\":{\"@type\":\"ImageObject\",\"inLanguage\":\"pt-BR\",\"@id\":\"https:\/\/cipec.com.br\/esp\/#\/schema\/logo\/image\/\",\"url\":\"https:\/\/cipec.com.br\/esp\/wp-content\/uploads\/2024\/07\/cropped-marca-cipec.png\",\"contentUrl\":\"https:\/\/cipec.com.br\/esp\/wp-content\/uploads\/2024\/07\/cropped-marca-cipec.png\",\"width\":210,\"height\":70,\"caption\":\"Cipec Industrial de Autope\u00e7as LTDA\"},\"image\":{\"@id\":\"https:\/\/cipec.com.br\/esp\/#\/schema\/logo\/image\/\"}}]}<\/script>\n<!-- \/ Yoast SEO plugin. -->","yoast_head_json":{"title":"0025867443 - Cipec Industrial de Autope\u00e7as LTDA","robots":{"index":"index","follow":"follow","max-snippet":"max-snippet:-1","max-image-preview":"max-image-preview:large","max-video-preview":"max-video-preview:-1"},"canonical":"https:\/\/cipec.com.br\/esp\/produto\/0025867443\/","og_locale":"pt_BR","og_type":"article","og_title":"0025867443 - Cipec Industrial de Autope\u00e7as LTDA","og_description":"Reparo Manetin 02 Saidas Wabco","og_url":"https:\/\/cipec.com.br\/esp\/produto\/0025867443\/","og_site_name":"Cipec Industrial de Autope\u00e7as LTDA","article_modified_time":"2024-10-01T17:44:05+00:00","og_image":[{"width":350,"height":241,"url":"https:\/\/cipec.com.br\/esp\/wp-content\/uploads\/2024\/08\/006438.jpg","type":"image\/jpeg"}],"twitter_card":"summary_large_image","schema":{"@context":"https:\/\/schema.org","@graph":[{"@type":"WebPage","@id":"https:\/\/cipec.com.br\/esp\/produto\/0025867443\/","url":"https:\/\/cipec.com.br\/esp\/produto\/0025867443\/","name":"0025867443 - Cipec Industrial de Autope\u00e7as LTDA","isPartOf":{"@id":"https:\/\/cipec.com.br\/esp\/#website"},"primaryImageOfPage":{"@id":"https:\/\/cipec.com.br\/esp\/produto\/0025867443\/#primaryimage"},"image":{"@id":"https:\/\/cipec.com.br\/esp\/produto\/0025867443\/#primaryimage"},"thumbnailUrl":"https:\/\/cipec.com.br\/esp\/wp-content\/uploads\/2024\/08\/006438.jpg","datePublished":"2024-10-01T17:44:03+00:00","dateModified":"2024-10-01T17:44:05+00:00","breadcrumb":{"@id":"https:\/\/cipec.com.br\/esp\/produto\/0025867443\/#breadcrumb"},"inLanguage":"pt-BR","potentialAction":[{"@type":"ReadAction","target":["https:\/\/cipec.com.br\/esp\/produto\/0025867443\/"]}]},{"@type":"ImageObject","inLanguage":"pt-BR","@id":"https:\/\/cipec.com.br\/esp\/produto\/0025867443\/#primaryimage","url":"https:\/\/cipec.com.br\/esp\/wp-content\/uploads\/2024\/08\/006438.jpg","contentUrl":"https:\/\/cipec.com.br\/esp\/wp-content\/uploads\/2024\/08\/006438.jpg","width":350,"height":241},{"@type":"BreadcrumbList","@id":"https:\/\/cipec.com.br\/esp\/produto\/0025867443\/#breadcrumb","itemListElement":[{"@type":"ListItem","position":1,"name":"Home","item":"https:\/\/cipec.com.br\/esp\/"},{"@type":"ListItem","position":2,"name":"Produtos","item":"https:\/\/cipec.com.br\/esp\/shop\/"},{"@type":"ListItem","position":3,"name":"0025867443"}]},{"@type":"WebSite","@id":"https:\/\/cipec.com.br\/esp\/#website","url":"https:\/\/cipec.com.br\/esp\/","name":"Cipec Industrial de Autope\u00e7as LTDA","description":"A Cipec \u00e9 uma empresa que iniciou suas atividades em 1983 na cidade de S\u00e3o Caetano, como distribuidor e fabricante de pe\u00e7as de reposi\u00e7\u00e3o para caminh\u00f5es e \u00f4nibus.","publisher":{"@id":"https:\/\/cipec.com.br\/esp\/#organization"},"potentialAction":[{"@type":"SearchAction","target":{"@type":"EntryPoint","urlTemplate":"https:\/\/cipec.com.br\/esp\/?s={search_term_string}"},"query-input":{"@type":"PropertyValueSpecification","valueRequired":true,"valueName":"search_term_string"}}],"inLanguage":"pt-BR"},{"@type":"Organization","@id":"https:\/\/cipec.com.br\/esp\/#organization","name":"Cipec Industrial de Autope\u00e7as LTDA","url":"https:\/\/cipec.com.br\/esp\/","logo":{"@type":"ImageObject","inLanguage":"pt-BR","@id":"https:\/\/cipec.com.br\/esp\/#\/schema\/logo\/image\/","url":"https:\/\/cipec.com.br\/esp\/wp-content\/uploads\/2024\/07\/cropped-marca-cipec.png","contentUrl":"https:\/\/cipec.com.br\/esp\/wp-content\/uploads\/2024\/07\/cropped-marca-cipec.png","width":210,"height":70,"caption":"Cipec Industrial de Autope\u00e7as LTDA"},"image":{"@id":"https:\/\/cipec.com.br\/esp\/#\/schema\/logo\/image\/"}}]}},"_links":{"self":[{"href":"https:\/\/cipec.com.br\/esp\/wp-json\/wp\/v2\/product\/48347","targetHints":{"allow":["GET"]}}],"collection":[{"href":"https:\/\/cipec.com.br\/esp\/wp-json\/wp\/v2\/product"}],"about":[{"href":"https:\/\/cipec.com.br\/esp\/wp-json\/wp\/v2\/types\/product"}],"version-history":[{"count":0,"href":"https:\/\/cipec.com.br\/esp\/wp-json\/wp\/v2\/product\/48347\/revisions"}],"wp:featuredmedia":[{"embeddable":true,"href":"https:\/\/cipec.com.br\/esp\/wp-json\/wp\/v2\/media\/34653"}],"wp:attachment":[{"href":"https:\/\/cipec.com.br\/esp\/wp-json\/wp\/v2\/media?parent=48347"}],"wp:term":[{"taxonomy":"product_brand","embeddable":true,"href":"https:\/\/cipec.com.br\/esp\/wp-json\/wp\/v2\/product_brand?post=48347"},{"taxonomy":"product_cat","embeddable":true,"href":"https:\/\/cipec.com.br\/esp\/wp-json\/wp\/v2\/product_cat?post=48347"},{"taxonomy":"product_tag","embeddable":true,"href":"https:\/\/cipec.com.br\/esp\/wp-json\/wp\/v2\/product_tag?post=48347"}],"curies":[{"name":"wp","href":"https:\/\/api.w.org\/{rel}","templated":true}]}}