{"id":51205,"date":"2024-10-01T14:57:47","date_gmt":"2024-10-01T17:57:47","guid":{"rendered":"https:\/\/cipec.com.br\/esp\/?post_type=product&#038;p=51205"},"modified":"2024-10-01T14:57:52","modified_gmt":"2024-10-01T17:57:52","slug":"t13141161","status":"publish","type":"product","link":"https:\/\/cipec.com.br\/esp\/produto\/t13141161\/","title":{"rendered":"T13141161"},"content":{"rendered":"<\/p>\n<ul>\n<li>004084&nbsp;<b>VW<\/b><\/li>\n<li>7145819&nbsp;<b>IVECO<\/b><\/li>\n<li>L3717&nbsp;<b>VW<\/b><\/li>\n<li>RDL1323&nbsp;<b>VW<\/b><\/li>\n<li>T100R&nbsp;<b>VW<\/b><\/li>\n<li>VA617&nbsp;<b>VW<\/b><\/li>\n<li>B305AC&nbsp;<b>VW<\/b><\/li>\n<li>1323 R&nbsp;<b>VW<\/b><\/li>\n<li>3362 S&nbsp;<b>VW<\/b><\/li>\n<li>125800 E&nbsp;<b>VW<\/b><\/li>\n<\/ul>\n","protected":false},"excerpt":{"rendered":"<p>Mancal Embreagem C\/Cubo E Rolam.<\/p>\n","protected":false},"featured_media":35669,"template":"","meta":{"_joinchat":[]},"product_brand":[],"product_cat":[331,330,168],"product_tag":[59],"class_list":{"0":"post-51205","1":"product","2":"type-product","3":"status-publish","4":"has-post-thumbnail","6":"product_cat-colar-de-embreagem","7":"product_cat-colar-embreagem","8":"product_cat-mancal-de-embreagem","9":"product_tag-vw","11":"first","12":"outofstock","13":"featured","14":"shipping-taxable","15":"product-type-simple"},"yoast_head":"<!-- This site is optimized with the Yoast SEO plugin v27.1.1 - https:\/\/yoast.com\/product\/yoast-seo-wordpress\/ -->\n<title>T13141161 - Cipec Industrial de Autope\u00e7as LTDA<\/title>\n<meta name=\"robots\" content=\"index, follow, max-snippet:-1, max-image-preview:large, max-video-preview:-1\" \/>\n<link rel=\"canonical\" href=\"https:\/\/cipec.com.br\/esp\/produto\/t13141161\/\" \/>\n<meta property=\"og:locale\" content=\"pt_BR\" \/>\n<meta property=\"og:type\" content=\"article\" \/>\n<meta property=\"og:title\" content=\"T13141161 - Cipec Industrial de Autope\u00e7as LTDA\" \/>\n<meta property=\"og:description\" content=\"Mancal Embreagem C\/Cubo E Rolam.\" \/>\n<meta property=\"og:url\" content=\"https:\/\/cipec.com.br\/esp\/produto\/t13141161\/\" \/>\n<meta property=\"og:site_name\" content=\"Cipec Industrial de Autope\u00e7as LTDA\" \/>\n<meta property=\"article:modified_time\" content=\"2024-10-01T17:57:52+00:00\" \/>\n<meta property=\"og:image\" content=\"https:\/\/cipec.com.br\/esp\/wp-content\/uploads\/2024\/08\/004084.jpg\" \/>\n\t<meta property=\"og:image:width\" content=\"350\" \/>\n\t<meta property=\"og:image:height\" content=\"240\" \/>\n\t<meta property=\"og:image:type\" content=\"image\/jpeg\" \/>\n<meta name=\"twitter:card\" content=\"summary_large_image\" \/>\n<script type=\"application\/ld+json\" class=\"yoast-schema-graph\">{\"@context\":\"https:\/\/schema.org\",\"@graph\":[{\"@type\":\"WebPage\",\"@id\":\"https:\/\/cipec.com.br\/esp\/produto\/t13141161\/\",\"url\":\"https:\/\/cipec.com.br\/esp\/produto\/t13141161\/\",\"name\":\"T13141161 - Cipec Industrial de Autope\u00e7as LTDA\",\"isPartOf\":{\"@id\":\"https:\/\/cipec.com.br\/esp\/#website\"},\"primaryImageOfPage\":{\"@id\":\"https:\/\/cipec.com.br\/esp\/produto\/t13141161\/#primaryimage\"},\"image\":{\"@id\":\"https:\/\/cipec.com.br\/esp\/produto\/t13141161\/#primaryimage\"},\"thumbnailUrl\":\"https:\/\/cipec.com.br\/esp\/wp-content\/uploads\/2024\/08\/004084.jpg\",\"datePublished\":\"2024-10-01T17:57:47+00:00\",\"dateModified\":\"2024-10-01T17:57:52+00:00\",\"breadcrumb\":{\"@id\":\"https:\/\/cipec.com.br\/esp\/produto\/t13141161\/#breadcrumb\"},\"inLanguage\":\"pt-BR\",\"potentialAction\":[{\"@type\":\"ReadAction\",\"target\":[\"https:\/\/cipec.com.br\/esp\/produto\/t13141161\/\"]}]},{\"@type\":\"ImageObject\",\"inLanguage\":\"pt-BR\",\"@id\":\"https:\/\/cipec.com.br\/esp\/produto\/t13141161\/#primaryimage\",\"url\":\"https:\/\/cipec.com.br\/esp\/wp-content\/uploads\/2024\/08\/004084.jpg\",\"contentUrl\":\"https:\/\/cipec.com.br\/esp\/wp-content\/uploads\/2024\/08\/004084.jpg\",\"width\":350,\"height\":240},{\"@type\":\"BreadcrumbList\",\"@id\":\"https:\/\/cipec.com.br\/esp\/produto\/t13141161\/#breadcrumb\",\"itemListElement\":[{\"@type\":\"ListItem\",\"position\":1,\"name\":\"Home\",\"item\":\"https:\/\/cipec.com.br\/esp\/\"},{\"@type\":\"ListItem\",\"position\":2,\"name\":\"Produtos\",\"item\":\"https:\/\/cipec.com.br\/esp\/shop\/\"},{\"@type\":\"ListItem\",\"position\":3,\"name\":\"T13141161\"}]},{\"@type\":\"WebSite\",\"@id\":\"https:\/\/cipec.com.br\/esp\/#website\",\"url\":\"https:\/\/cipec.com.br\/esp\/\",\"name\":\"Cipec Industrial de Autope\u00e7as LTDA\",\"description\":\"A Cipec \u00e9 uma empresa que iniciou suas atividades em 1983 na cidade de S\u00e3o Caetano, como distribuidor e fabricante de pe\u00e7as de reposi\u00e7\u00e3o para caminh\u00f5es e \u00f4nibus.\",\"publisher\":{\"@id\":\"https:\/\/cipec.com.br\/esp\/#organization\"},\"potentialAction\":[{\"@type\":\"SearchAction\",\"target\":{\"@type\":\"EntryPoint\",\"urlTemplate\":\"https:\/\/cipec.com.br\/esp\/?s={search_term_string}\"},\"query-input\":{\"@type\":\"PropertyValueSpecification\",\"valueRequired\":true,\"valueName\":\"search_term_string\"}}],\"inLanguage\":\"pt-BR\"},{\"@type\":\"Organization\",\"@id\":\"https:\/\/cipec.com.br\/esp\/#organization\",\"name\":\"Cipec Industrial de Autope\u00e7as LTDA\",\"url\":\"https:\/\/cipec.com.br\/esp\/\",\"logo\":{\"@type\":\"ImageObject\",\"inLanguage\":\"pt-BR\",\"@id\":\"https:\/\/cipec.com.br\/esp\/#\/schema\/logo\/image\/\",\"url\":\"https:\/\/cipec.com.br\/esp\/wp-content\/uploads\/2024\/07\/cropped-marca-cipec.png\",\"contentUrl\":\"https:\/\/cipec.com.br\/esp\/wp-content\/uploads\/2024\/07\/cropped-marca-cipec.png\",\"width\":210,\"height\":70,\"caption\":\"Cipec Industrial de Autope\u00e7as LTDA\"},\"image\":{\"@id\":\"https:\/\/cipec.com.br\/esp\/#\/schema\/logo\/image\/\"}}]}<\/script>\n<!-- \/ Yoast SEO plugin. -->","yoast_head_json":{"title":"T13141161 - Cipec Industrial de Autope\u00e7as LTDA","robots":{"index":"index","follow":"follow","max-snippet":"max-snippet:-1","max-image-preview":"max-image-preview:large","max-video-preview":"max-video-preview:-1"},"canonical":"https:\/\/cipec.com.br\/esp\/produto\/t13141161\/","og_locale":"pt_BR","og_type":"article","og_title":"T13141161 - Cipec Industrial de Autope\u00e7as LTDA","og_description":"Mancal Embreagem C\/Cubo E Rolam.","og_url":"https:\/\/cipec.com.br\/esp\/produto\/t13141161\/","og_site_name":"Cipec Industrial de Autope\u00e7as LTDA","article_modified_time":"2024-10-01T17:57:52+00:00","og_image":[{"width":350,"height":240,"url":"https:\/\/cipec.com.br\/esp\/wp-content\/uploads\/2024\/08\/004084.jpg","type":"image\/jpeg"}],"twitter_card":"summary_large_image","schema":{"@context":"https:\/\/schema.org","@graph":[{"@type":"WebPage","@id":"https:\/\/cipec.com.br\/esp\/produto\/t13141161\/","url":"https:\/\/cipec.com.br\/esp\/produto\/t13141161\/","name":"T13141161 - Cipec Industrial de Autope\u00e7as LTDA","isPartOf":{"@id":"https:\/\/cipec.com.br\/esp\/#website"},"primaryImageOfPage":{"@id":"https:\/\/cipec.com.br\/esp\/produto\/t13141161\/#primaryimage"},"image":{"@id":"https:\/\/cipec.com.br\/esp\/produto\/t13141161\/#primaryimage"},"thumbnailUrl":"https:\/\/cipec.com.br\/esp\/wp-content\/uploads\/2024\/08\/004084.jpg","datePublished":"2024-10-01T17:57:47+00:00","dateModified":"2024-10-01T17:57:52+00:00","breadcrumb":{"@id":"https:\/\/cipec.com.br\/esp\/produto\/t13141161\/#breadcrumb"},"inLanguage":"pt-BR","potentialAction":[{"@type":"ReadAction","target":["https:\/\/cipec.com.br\/esp\/produto\/t13141161\/"]}]},{"@type":"ImageObject","inLanguage":"pt-BR","@id":"https:\/\/cipec.com.br\/esp\/produto\/t13141161\/#primaryimage","url":"https:\/\/cipec.com.br\/esp\/wp-content\/uploads\/2024\/08\/004084.jpg","contentUrl":"https:\/\/cipec.com.br\/esp\/wp-content\/uploads\/2024\/08\/004084.jpg","width":350,"height":240},{"@type":"BreadcrumbList","@id":"https:\/\/cipec.com.br\/esp\/produto\/t13141161\/#breadcrumb","itemListElement":[{"@type":"ListItem","position":1,"name":"Home","item":"https:\/\/cipec.com.br\/esp\/"},{"@type":"ListItem","position":2,"name":"Produtos","item":"https:\/\/cipec.com.br\/esp\/shop\/"},{"@type":"ListItem","position":3,"name":"T13141161"}]},{"@type":"WebSite","@id":"https:\/\/cipec.com.br\/esp\/#website","url":"https:\/\/cipec.com.br\/esp\/","name":"Cipec Industrial de Autope\u00e7as LTDA","description":"A Cipec \u00e9 uma empresa que iniciou suas atividades em 1983 na cidade de S\u00e3o Caetano, como distribuidor e fabricante de pe\u00e7as de reposi\u00e7\u00e3o para caminh\u00f5es e \u00f4nibus.","publisher":{"@id":"https:\/\/cipec.com.br\/esp\/#organization"},"potentialAction":[{"@type":"SearchAction","target":{"@type":"EntryPoint","urlTemplate":"https:\/\/cipec.com.br\/esp\/?s={search_term_string}"},"query-input":{"@type":"PropertyValueSpecification","valueRequired":true,"valueName":"search_term_string"}}],"inLanguage":"pt-BR"},{"@type":"Organization","@id":"https:\/\/cipec.com.br\/esp\/#organization","name":"Cipec Industrial de Autope\u00e7as LTDA","url":"https:\/\/cipec.com.br\/esp\/","logo":{"@type":"ImageObject","inLanguage":"pt-BR","@id":"https:\/\/cipec.com.br\/esp\/#\/schema\/logo\/image\/","url":"https:\/\/cipec.com.br\/esp\/wp-content\/uploads\/2024\/07\/cropped-marca-cipec.png","contentUrl":"https:\/\/cipec.com.br\/esp\/wp-content\/uploads\/2024\/07\/cropped-marca-cipec.png","width":210,"height":70,"caption":"Cipec Industrial de Autope\u00e7as LTDA"},"image":{"@id":"https:\/\/cipec.com.br\/esp\/#\/schema\/logo\/image\/"}}]}},"_links":{"self":[{"href":"https:\/\/cipec.com.br\/esp\/wp-json\/wp\/v2\/product\/51205","targetHints":{"allow":["GET"]}}],"collection":[{"href":"https:\/\/cipec.com.br\/esp\/wp-json\/wp\/v2\/product"}],"about":[{"href":"https:\/\/cipec.com.br\/esp\/wp-json\/wp\/v2\/types\/product"}],"version-history":[{"count":0,"href":"https:\/\/cipec.com.br\/esp\/wp-json\/wp\/v2\/product\/51205\/revisions"}],"wp:featuredmedia":[{"embeddable":true,"href":"https:\/\/cipec.com.br\/esp\/wp-json\/wp\/v2\/media\/35669"}],"wp:attachment":[{"href":"https:\/\/cipec.com.br\/esp\/wp-json\/wp\/v2\/media?parent=51205"}],"wp:term":[{"taxonomy":"product_brand","embeddable":true,"href":"https:\/\/cipec.com.br\/esp\/wp-json\/wp\/v2\/product_brand?post=51205"},{"taxonomy":"product_cat","embeddable":true,"href":"https:\/\/cipec.com.br\/esp\/wp-json\/wp\/v2\/product_cat?post=51205"},{"taxonomy":"product_tag","embeddable":true,"href":"https:\/\/cipec.com.br\/esp\/wp-json\/wp\/v2\/product_tag?post=51205"}],"curies":[{"name":"wp","href":"https:\/\/api.w.org\/{rel}","templated":true}]}}