{"id":45645,"date":"2024-10-01T14:32:37","date_gmt":"2024-10-01T17:32:37","guid":{"rendered":"https:\/\/cipec.com.br\/ing\/?post_type=product&#038;p=45645"},"modified":"2025-02-04T18:43:55","modified_gmt":"2025-02-04T21:43:55","slug":"rcce00361","status":"publish","type":"product","link":"https:\/\/cipec.com.br\/ing\/produto\/rcce00361\/","title":{"rendered":"RCCE00361"},"content":{"rendered":"\t\t<div data-elementor-type=\"product-post\" data-elementor-id=\"45645\" class=\"elementor elementor-45645\" data-elementor-post-type=\"product\">\n\t\t\t\t<div class=\"elementor-element elementor-element-764de959 e-flex e-con-boxed e-con e-parent\" data-id=\"764de959\" data-element_type=\"container\" data-e-type=\"container\">\n\t\t\t\t\t<div class=\"e-con-inner\">\n\t\t\t\t<div class=\"elementor-element elementor-element-436ec570 elementor-widget elementor-widget-text-editor\" data-id=\"436ec570\" data-element_type=\"widget\" data-e-type=\"widget\" data-widget_type=\"text-editor.default\">\n\t\t\t\t<div class=\"elementor-widget-container\">\n\t\t\t\t\t\t\t\t\t<p><\/p>\n\r<ul>\n\r<li>026392&nbsp;<b>VARGA<\/b><\/li>\n\r<li>RCCE00361&nbsp;<b>VARGA<\/b><\/li>\n\r<\/ul>\n\r\t\t\t\t\t\t\t\t<\/div>\n\t\t\t\t<\/div>\n\t\t\t\t\t<\/div>\n\t\t\t\t<\/div>\n\t\t<div class=\"elementor-element elementor-element-51d7c1a e-flex e-con-boxed e-con e-parent\" data-id=\"51d7c1a\" data-element_type=\"container\" data-e-type=\"container\">\n\t\t\t\t\t<div class=\"e-con-inner\">\n\t\t<div class=\"elementor-element elementor-element-97d6cc8 e-con-full e-flex e-con e-child\" data-id=\"97d6cc8\" data-element_type=\"container\" data-e-type=\"container\">\n\t\t\t\t<div class=\"elementor-element elementor-element-e1846c4 elementor-widget elementor-widget-shortcode\" data-id=\"e1846c4\" data-element_type=\"widget\" data-e-type=\"widget\" data-widget_type=\"shortcode.default\">\n\t\t\t\t<div class=\"elementor-widget-container\">\n\t\t\t\t\t\t\t<div class=\"elementor-shortcode\">\t\t<div data-elementor-type=\"wp-post\" data-elementor-id=\"1090\" class=\"elementor elementor-1090\" data-elementor-post-type=\"elementor-hf\">\n\t\t\t\t<div class=\"elementor-element elementor-element-8ca5623 e-con-full e-flex e-con e-parent\" data-id=\"8ca5623\" data-element_type=\"container\" data-e-type=\"container\">\n\t\t<div class=\"elementor-element elementor-element-e9cf1b1 e-con-full e-flex e-con e-child\" data-id=\"e9cf1b1\" data-element_type=\"container\" data-e-type=\"container\">\n\t\t\t\t<div class=\"elementor-element elementor-element-ac4ba3d elementor-widget elementor-widget-image\" data-id=\"ac4ba3d\" data-element_type=\"widget\" data-e-type=\"widget\" data-widget_type=\"image.default\">\n\t\t\t\t<div class=\"elementor-widget-container\">\n\t\t\t\t\t\t\t\t\t\t\t\t\t\t\t<img decoding=\"async\" width=\"272\" height=\"87\" src=\"https:\/\/cipec.com.br\/ing\/wp-content\/uploads\/2024\/07\/cipec-logo-footer.jpg\" class=\"attachment-full size-full wp-image-2118\" alt=\"\" \/>\t\t\t\t\t\t\t\t\t\t\t\t\t\t\t<\/div>\n\t\t\t\t<\/div>\n\t\t\t\t<div class=\"elementor-element elementor-element-eaca304 elementor-widget__width-initial elementor-widget elementor-widget-text-editor\" data-id=\"eaca304\" data-element_type=\"widget\" data-e-type=\"widget\" data-widget_type=\"text-editor.default\">\n\t\t\t\t<div class=\"elementor-widget-container\">\n\t\t\t\t\t\t\t\t\t<p style=\"text-align: left;\"><span style=\"color: #203166;\"><span style=\"color: #005092;\">Synonym for reliability <\/span> <span style=\"color: #f9b000;\">since 1983.<\/span><\/span><\/p>\t\t\t\t\t\t\t\t<\/div>\n\t\t\t\t<\/div>\n\t\t\t\t<\/div>\n\t\t<div class=\"elementor-element elementor-element-335124a e-con-full e-flex e-con e-child\" data-id=\"335124a\" data-element_type=\"container\" data-e-type=\"container\">\n\t\t\t\t<div class=\"elementor-element elementor-element-b63e23b elementor-widget__width-initial elementor-widget elementor-widget-image\" data-id=\"b63e23b\" data-element_type=\"widget\" data-e-type=\"widget\" data-widget_type=\"image.default\">\n\t\t\t\t<div class=\"elementor-widget-container\">\n\t\t\t\t\t\t\t\t\t\t\t\t\t\t\t<img decoding=\"async\" width=\"57\" height=\"57\" src=\"https:\/\/cipec.com.br\/ing\/wp-content\/uploads\/2024\/07\/pin.png\" class=\"attachment-full size-full wp-image-1204\" alt=\"\" \/>\t\t\t\t\t\t\t\t\t\t\t\t\t\t\t<\/div>\n\t\t\t\t<\/div>\n\t\t\t\t<div class=\"elementor-element elementor-element-6a8a403 elementor-widget elementor-widget-text-editor\" data-id=\"6a8a403\" data-element_type=\"widget\" data-e-type=\"widget\" data-widget_type=\"text-editor.default\">\n\t\t\t\t<div class=\"elementor-widget-container\">\n\t\t\t\t\t\t\t\t\t<a style=\"color: #203166; text-decoration: none;\" href=\"https:\/\/maps.app.goo.gl\/FWAjNNBKhsr7ttsx7\">Rua Alberto Guizo, 552 \u2013 Jo\u00e3o Narezzi Industrial District, Indaiatuba\/SP \u2013 ZIP Code: 13347-402.<\/a>\t\t\t\t\t\t\t\t<\/div>\n\t\t\t\t<\/div>\n\t\t\t\t<\/div>\n\t\t\t\t<\/div>\n\t\t<div class=\"elementor-element elementor-element-df326d5 e-con-full e-flex e-con e-parent\" data-id=\"df326d5\" data-element_type=\"container\" data-e-type=\"container\">\n\t\t<div class=\"elementor-element elementor-element-689d880 e-con-full e-flex e-con e-child\" data-id=\"689d880\" data-element_type=\"container\" data-e-type=\"container\">\n\t\t<div class=\"elementor-element elementor-element-0532b76 e-con-full e-flex e-con e-child\" data-id=\"0532b76\" data-element_type=\"container\" data-e-type=\"container\">\n\t\t\t\t<div class=\"elementor-element elementor-element-5957446 elementor-widget elementor-widget-text-editor\" data-id=\"5957446\" data-element_type=\"widget\" data-e-type=\"widget\" data-widget_type=\"text-editor.default\">\n\t\t\t\t<div class=\"elementor-widget-container\">\n\t\t\t\t\t\t\t\t\t<p><span style=\"color: #203166;\"><a style=\"color: #203166; text-decoration: none;\" href=\"https:\/\/cipec.com.br\/ing\/\">Home<\/a><br \/><\/span><a style=\"color: #203166; text-decoration: none;\" href=\"https:\/\/cipec.com.br\/ing\/our-history\/\"><span style=\"color: #203166;\">Company<\/span><\/a><\/p>\t\t\t\t\t\t\t\t<\/div>\n\t\t\t\t<\/div>\n\t\t\t\t<div class=\"elementor-element elementor-element-6b86d6c elementor-widget elementor-widget-image\" data-id=\"6b86d6c\" data-element_type=\"widget\" data-e-type=\"widget\" data-widget_type=\"image.default\">\n\t\t\t\t<div class=\"elementor-widget-container\">\n\t\t\t\t\t\t\t\t\t\t\t\t\t\t\t\t<a href=\"https:\/\/www.youtube.com\/@marketingcipec\">\n\t\t\t\t\t\t\t<img decoding=\"async\" width=\"57\" height=\"57\" src=\"https:\/\/cipec.com.br\/ing\/wp-content\/uploads\/2024\/07\/youtube-cipec.png\" class=\"attachment-large size-large wp-image-1423\" alt=\"\" \/>\t\t\t\t\t\t\t\t<\/a>\n\t\t\t\t\t\t\t\t\t\t\t\t\t\t\t<\/div>\n\t\t\t\t<\/div>\n\t\t\t\t<\/div>\n\t\t<div class=\"elementor-element elementor-element-91f0fb9 e-con-full e-flex e-con e-child\" data-id=\"91f0fb9\" data-element_type=\"container\" data-e-type=\"container\">\n\t\t\t\t<div class=\"elementor-element elementor-element-ac2f8ec elementor-widget elementor-widget-text-editor\" data-id=\"ac2f8ec\" data-element_type=\"widget\" data-e-type=\"widget\" data-widget_type=\"text-editor.default\">\n\t\t\t\t<div class=\"elementor-widget-container\">\n\t\t\t\t\t\t\t\t\t<p>Products<\/p>\t\t\t\t\t\t\t\t<\/div>\n\t\t\t\t<\/div>\n\t\t\t\t<div class=\"elementor-element elementor-element-3515cc1 elementor-widget elementor-widget-text-editor\" data-id=\"3515cc1\" data-element_type=\"widget\" data-e-type=\"widget\" data-widget_type=\"text-editor.default\">\n\t\t\t\t<div class=\"elementor-widget-container\">\n\t\t\t\t\t\t\t\t\t<ul>\n \t<li><span style=\"color: #203166;\"><a style=\"color: #203166; text-decoration: none;\" href=\"https:\/\/cipec.com.br\/ing\/product-catalog\/\" rel=\"noopener\">Product Catalog<\/a><\/span><\/li>\n \t<li><span style=\"color: #203166;\"><a style=\"color: #203166; text-decoration: none;\" href=\"https:\/\/cipec.com.br\/ing\/product-catalog-pdf\/\" rel=\"noopener\">Downloads<\/a><\/span><\/li>\n<\/ul>\t\t\t\t\t\t\t\t<\/div>\n\t\t\t\t<\/div>\n\t\t\t\t<\/div>\n\t\t<div class=\"elementor-element elementor-element-0113d73 e-con-full e-flex e-con e-child\" data-id=\"0113d73\" data-element_type=\"container\" data-e-type=\"container\">\n\t\t\t\t<div class=\"elementor-element elementor-element-f9d38d9 elementor-widget elementor-widget-text-editor\" data-id=\"f9d38d9\" data-element_type=\"widget\" data-e-type=\"widget\" data-widget_type=\"text-editor.default\">\n\t\t\t\t<div class=\"elementor-widget-container\">\n\t\t\t\t\t\t\t\t\t<p style=\"text-align: left;\"><span style=\"color: #203166;\">Marketing<\/span><\/p>\t\t\t\t\t\t\t\t<\/div>\n\t\t\t\t<\/div>\n\t\t\t\t<div class=\"elementor-element elementor-element-088dbfe elementor-widget elementor-widget-text-editor\" data-id=\"088dbfe\" data-element_type=\"widget\" data-e-type=\"widget\" data-widget_type=\"text-editor.default\">\n\t\t\t\t<div class=\"elementor-widget-container\">\n\t\t\t\t\t\t\t\t\t<ul><li><span style=\"color: #203166;\"><a style=\"color: #203166; text-decoration: none;\" href=\"https:\/\/cipec.com.br\/ing\/trade-shows\/\">Photos<\/a><\/span><\/li><li><span style=\"color: #203166;\"><a style=\"color: #203166; text-decoration: none;\" href=\"https:\/\/cipec.com.br\/ing\/videos-parts\/\">Videos<\/a><\/span><\/li><\/ul>\t\t\t\t\t\t\t\t<\/div>\n\t\t\t\t<\/div>\n\t\t\t\t<\/div>\n\t\t<div class=\"elementor-element elementor-element-749fdd0 e-con-full e-flex e-con e-child\" data-id=\"749fdd0\" data-element_type=\"container\" data-e-type=\"container\">\n\t\t\t\t<div class=\"elementor-element elementor-element-5548965 elementor-widget elementor-widget-text-editor\" data-id=\"5548965\" data-element_type=\"widget\" data-e-type=\"widget\" data-widget_type=\"text-editor.default\">\n\t\t\t\t<div class=\"elementor-widget-container\">\n\t\t\t\t\t\t\t\t\t<p style=\"text-align: left;\"><span style=\"color: #203166;\">Contact<\/span><\/p>\t\t\t\t\t\t\t\t<\/div>\n\t\t\t\t<\/div>\n\t\t\t\t<div class=\"elementor-element elementor-element-21b62ec elementor-widget elementor-widget-text-editor\" data-id=\"21b62ec\" data-element_type=\"widget\" data-e-type=\"widget\" data-widget_type=\"text-editor.default\">\n\t\t\t\t<div class=\"elementor-widget-container\">\n\t\t\t\t\t\t\t\t\t<p style=\"text-align: left;\"><span style=\"text-decoration: none;\"><span style=\"color: #203166;\"><span style=\"text-decoration-thickness: initial; text-decoration-style: initial; text-decoration-color: initial;\"><span style=\"text-decoration-thickness: initial; text-decoration-style: initial; text-decoration-color: initial;\"><span style=\"text-decoration-thickness: initial; text-decoration-style: initial; text-decoration-color: initial;\"><a style=\"color: #203166; text-decoration: none;\" href=\"http:\/\/tel.551938349822\"><img loading=\"lazy\" decoding=\"async\" class=\"wp-image-1388 alignleft\" src=\"https:\/\/cipec.com.br\/ing\/wp-content\/uploads\/2024\/07\/telefone.png\" alt=\"\" width=\"30\" height=\"30\" \/><\/a><\/span><\/span><\/span><\/span><\/span><a style=\"color: #203166; text-decoration: none; margin: 0 0px 0 -12px;\" href=\"tel:551938349822\">+55 (19) 3834-9822<\/a><\/p>\t\t\t\t\t\t\t\t<\/div>\n\t\t\t\t<\/div>\n\t\t\t\t<div class=\"elementor-element elementor-element-3aae8a3 elementor-widget elementor-widget-text-editor\" data-id=\"3aae8a3\" data-element_type=\"widget\" data-e-type=\"widget\" data-widget_type=\"text-editor.default\">\n\t\t\t\t<div class=\"elementor-widget-container\">\n\t\t\t\t\t\t\t\t\t<p style=\"text-align: left;\"><span style=\"color: #203166; text-decoration: none;\"><a style=\"color: #203166; text-decoration: none; margin: 0 0px 0 -12px;\" href=\"tel:551126268839\"><span style=\"text-decoration: none;\"><span style=\"color: #203166;\"><img loading=\"lazy\" decoding=\"async\" class=\"wp-image-1388 alignleft\" src=\"https:\/\/cipec.com.br\/ing\/wp-content\/uploads\/2024\/07\/telefone.png\" alt=\"\" width=\"30\" height=\"30\" \/><\/span><\/span>+55 (11) 2626-8839<\/a><\/span><\/p>\t\t\t\t\t\t\t\t<\/div>\n\t\t\t\t<\/div>\n\t\t\t\t<div class=\"elementor-element elementor-element-2e68f44 elementor-widget elementor-widget-text-editor\" data-id=\"2e68f44\" data-element_type=\"widget\" data-e-type=\"widget\" data-widget_type=\"text-editor.default\">\n\t\t\t\t<div class=\"elementor-widget-container\">\n\t\t\t\t\t\t\t\t\t<img loading=\"lazy\" decoding=\"async\" class=\"wp-image-1389 alignleft\" src=\"https:\/\/cipec.com.br\/ing\/wp-content\/uploads\/2024\/07\/whatsapp.png\" alt=\"\" width=\"30\" height=\"30\" \/> <span style=\"color: #203166;\"><a style=\"color: #203166; text-decoration: none; margin: 0 0px 0 -12px;\" href=\"https:\/\/api.whatsapp.com\/send\/?phone=5519935000202\">+55 (19) 93500-0202<\/a><\/span>\t\t\t\t\t\t\t\t<\/div>\n\t\t\t\t<\/div>\n\t\t\t\t<div class=\"elementor-element elementor-element-f48f9d4 elementor-widget elementor-widget-text-editor\" data-id=\"f48f9d4\" data-element_type=\"widget\" data-e-type=\"widget\" data-widget_type=\"text-editor.default\">\n\t\t\t\t<div class=\"elementor-widget-container\">\n\t\t\t\t\t\t\t\t\t<img loading=\"lazy\" decoding=\"async\" class=\"wp-image-1390 alignleft\" src=\"https:\/\/cipec.com.br\/ing\/wp-content\/uploads\/2024\/07\/email.png\" alt=\"\" width=\"30\" height=\"30\" \/><span style=\"color: #203166;\"><a style=\"color: #203166; text-decoration: none;margin:0 0px 0 -12px;\" href=\"mailto:contato@cipec.com.br\">contato@cipec.com.br<\/a><\/span>\t\t\t\t\t\t\t\t<\/div>\n\t\t\t\t<\/div>\n\t\t\t\t<div class=\"elementor-element elementor-element-b20b1dd elementor-widget elementor-widget-text-editor\" data-id=\"b20b1dd\" data-element_type=\"widget\" data-e-type=\"widget\" data-widget_type=\"text-editor.default\">\n\t\t\t\t<div class=\"elementor-widget-container\">\n\t\t\t\t\t\t\t\t\t<img loading=\"lazy\" decoding=\"async\" class=\"alignnone wp-image-1418 alignleft\" src=\"https:\/\/cipec.com.br\/ing\/wp-content\/uploads\/2024\/07\/cv.png\" alt=\"\" width=\"33\" height=\"33\" \/><span style=\"color: #203166;\"><a style=\"color: #203166; text-decoration: none; margin: 10px -20px 10px -18px;\" href=\"mailto:rh@cipec.com.br\">Send your resume<\/a><\/span>\t\t\t\t\t\t\t\t<\/div>\n\t\t\t\t<\/div>\n\t\t\t\t<\/div>\n\t\t\t\t<\/div>\n\t\t\t\t<\/div>\n\t\t<div class=\"elementor-element elementor-element-1e6c5a5 e-flex e-con-boxed e-con e-parent\" data-id=\"1e6c5a5\" data-element_type=\"container\" data-e-type=\"container\">\n\t\t\t\t\t<div class=\"e-con-inner\">\n\t\t\t\t<div class=\"elementor-element elementor-element-e45a8a8 elementor-widget elementor-widget-text-editor\" data-id=\"e45a8a8\" data-element_type=\"widget\" data-e-type=\"widget\" data-widget_type=\"text-editor.default\">\n\t\t\t\t<div class=\"elementor-widget-container\">\n\t\t\t\t\t\t\t\t\t<p style=\"text-align: center; font-size: 14px;\"><span style=\"color: #004079;\">Developed by<\/span>\u00a0<span style=\"color: #ff6600;\"><a style=\"color: #ff6600;\" href=\"https:\/\/onest.com.br\/\"><strong>Onest Design<\/strong><\/a><\/span><\/p>\t\t\t\t\t\t\t\t<\/div>\n\t\t\t\t<\/div>\n\t\t\t\t\t<\/div>\n\t\t\t\t<\/div>\n\t\t\t\t<\/div>\n\t\t<\/div>\n\t\t\t\t\t\t<\/div>\n\t\t\t\t<\/div>\n\t\t\t\t<\/div>\n\t\t\t\t\t<\/div>\n\t\t\t\t<\/div>\n\t\t\t\t<\/div>\n\t\t","protected":false},"excerpt":{"rendered":"<p>Cil. Mestre Embreagem L\/Ls\/Lk1929\/35\/41<\/p>\n","protected":false},"featured_media":41187,"template":"","meta":{"_joinchat":[]},"product_brand":[],"product_cat":[200],"product_tag":[302],"class_list":{"0":"post-45645","1":"product","2":"type-product","3":"status-publish","4":"has-post-thumbnail","6":"product_cat-cilindro","7":"product_tag-varga","9":"first","10":"outofstock","11":"featured","12":"shipping-taxable","13":"product-type-simple"},"yoast_head":"<!-- This site is optimized with the Yoast SEO plugin v27.1.1 - https:\/\/yoast.com\/product\/yoast-seo-wordpress\/ -->\n<title>RCCE00361 - Cipec Industrial de Autope\u00e7as LTDA<\/title>\n<meta name=\"robots\" content=\"index, follow, max-snippet:-1, max-image-preview:large, max-video-preview:-1\" \/>\n<link rel=\"canonical\" href=\"https:\/\/cipec.com.br\/ing\/produto\/rcce00361\/\" \/>\n<meta property=\"og:locale\" content=\"pt_BR\" \/>\n<meta property=\"og:type\" content=\"article\" \/>\n<meta property=\"og:title\" content=\"RCCE00361 - Cipec Industrial de Autope\u00e7as LTDA\" \/>\n<meta property=\"og:description\" content=\"Cil. Mestre Embreagem L\/Ls\/Lk1929\/35\/41\" \/>\n<meta property=\"og:url\" content=\"https:\/\/cipec.com.br\/ing\/produto\/rcce00361\/\" \/>\n<meta property=\"og:site_name\" content=\"Cipec Industrial de Autope\u00e7as LTDA\" \/>\n<meta property=\"article:modified_time\" content=\"2025-02-04T21:43:55+00:00\" \/>\n<meta property=\"og:image\" content=\"https:\/\/cipec.com.br\/ing\/wp-content\/uploads\/2024\/08\/026392.jpg\" \/>\n\t<meta property=\"og:image:width\" content=\"350\" \/>\n\t<meta property=\"og:image:height\" content=\"350\" \/>\n\t<meta property=\"og:image:type\" content=\"image\/jpeg\" \/>\n<meta name=\"twitter:card\" content=\"summary_large_image\" \/>\n<script type=\"application\/ld+json\" class=\"yoast-schema-graph\">{\"@context\":\"https:\/\/schema.org\",\"@graph\":[{\"@type\":\"WebPage\",\"@id\":\"https:\/\/cipec.com.br\/ing\/produto\/rcce00361\/\",\"url\":\"https:\/\/cipec.com.br\/ing\/produto\/rcce00361\/\",\"name\":\"RCCE00361 - Cipec Industrial de Autope\u00e7as LTDA\",\"isPartOf\":{\"@id\":\"https:\/\/cipec.com.br\/ing\/#website\"},\"primaryImageOfPage\":{\"@id\":\"https:\/\/cipec.com.br\/ing\/produto\/rcce00361\/#primaryimage\"},\"image\":{\"@id\":\"https:\/\/cipec.com.br\/ing\/produto\/rcce00361\/#primaryimage\"},\"thumbnailUrl\":\"https:\/\/cipec.com.br\/ing\/wp-content\/uploads\/2024\/08\/026392.jpg\",\"datePublished\":\"2024-10-01T17:32:37+00:00\",\"dateModified\":\"2025-02-04T21:43:55+00:00\",\"breadcrumb\":{\"@id\":\"https:\/\/cipec.com.br\/ing\/produto\/rcce00361\/#breadcrumb\"},\"inLanguage\":\"pt-BR\",\"potentialAction\":[{\"@type\":\"ReadAction\",\"target\":[\"https:\/\/cipec.com.br\/ing\/produto\/rcce00361\/\"]}]},{\"@type\":\"ImageObject\",\"inLanguage\":\"pt-BR\",\"@id\":\"https:\/\/cipec.com.br\/ing\/produto\/rcce00361\/#primaryimage\",\"url\":\"https:\/\/cipec.com.br\/ing\/wp-content\/uploads\/2024\/08\/026392.jpg\",\"contentUrl\":\"https:\/\/cipec.com.br\/ing\/wp-content\/uploads\/2024\/08\/026392.jpg\",\"width\":350,\"height\":350},{\"@type\":\"BreadcrumbList\",\"@id\":\"https:\/\/cipec.com.br\/ing\/produto\/rcce00361\/#breadcrumb\",\"itemListElement\":[{\"@type\":\"ListItem\",\"position\":1,\"name\":\"Home\",\"item\":\"https:\/\/cipec.com.br\/ing\/\"},{\"@type\":\"ListItem\",\"position\":2,\"name\":\"Produtos\",\"item\":\"https:\/\/cipec.com.br\/ing\/shop\/\"},{\"@type\":\"ListItem\",\"position\":3,\"name\":\"RCCE00361\"}]},{\"@type\":\"WebSite\",\"@id\":\"https:\/\/cipec.com.br\/ing\/#website\",\"url\":\"https:\/\/cipec.com.br\/ing\/\",\"name\":\"Cipec Industrial de Autope\u00e7as LTDA\",\"description\":\"A Cipec \u00e9 uma empresa que iniciou suas atividades em 1983 na cidade de S\u00e3o Caetano, como distribuidor e fabricante de pe\u00e7as de reposi\u00e7\u00e3o para caminh\u00f5es e \u00f4nibus.\",\"publisher\":{\"@id\":\"https:\/\/cipec.com.br\/ing\/#organization\"},\"potentialAction\":[{\"@type\":\"SearchAction\",\"target\":{\"@type\":\"EntryPoint\",\"urlTemplate\":\"https:\/\/cipec.com.br\/ing\/?s={search_term_string}\"},\"query-input\":{\"@type\":\"PropertyValueSpecification\",\"valueRequired\":true,\"valueName\":\"search_term_string\"}}],\"inLanguage\":\"pt-BR\"},{\"@type\":\"Organization\",\"@id\":\"https:\/\/cipec.com.br\/ing\/#organization\",\"name\":\"Cipec Industrial de Autope\u00e7as LTDA\",\"url\":\"https:\/\/cipec.com.br\/ing\/\",\"logo\":{\"@type\":\"ImageObject\",\"inLanguage\":\"pt-BR\",\"@id\":\"https:\/\/cipec.com.br\/ing\/#\/schema\/logo\/image\/\",\"url\":\"https:\/\/cipec.com.br\/ing\/wp-content\/uploads\/2024\/07\/cropped-marca-cipec.png\",\"contentUrl\":\"https:\/\/cipec.com.br\/ing\/wp-content\/uploads\/2024\/07\/cropped-marca-cipec.png\",\"width\":210,\"height\":70,\"caption\":\"Cipec Industrial de Autope\u00e7as LTDA\"},\"image\":{\"@id\":\"https:\/\/cipec.com.br\/ing\/#\/schema\/logo\/image\/\"}}]}<\/script>\n<!-- \/ Yoast SEO plugin. -->","yoast_head_json":{"title":"RCCE00361 - Cipec Industrial de Autope\u00e7as LTDA","robots":{"index":"index","follow":"follow","max-snippet":"max-snippet:-1","max-image-preview":"max-image-preview:large","max-video-preview":"max-video-preview:-1"},"canonical":"https:\/\/cipec.com.br\/ing\/produto\/rcce00361\/","og_locale":"pt_BR","og_type":"article","og_title":"RCCE00361 - Cipec Industrial de Autope\u00e7as LTDA","og_description":"Cil. Mestre Embreagem L\/Ls\/Lk1929\/35\/41","og_url":"https:\/\/cipec.com.br\/ing\/produto\/rcce00361\/","og_site_name":"Cipec Industrial de Autope\u00e7as LTDA","article_modified_time":"2025-02-04T21:43:55+00:00","og_image":[{"width":350,"height":350,"url":"https:\/\/cipec.com.br\/ing\/wp-content\/uploads\/2024\/08\/026392.jpg","type":"image\/jpeg"}],"twitter_card":"summary_large_image","schema":{"@context":"https:\/\/schema.org","@graph":[{"@type":"WebPage","@id":"https:\/\/cipec.com.br\/ing\/produto\/rcce00361\/","url":"https:\/\/cipec.com.br\/ing\/produto\/rcce00361\/","name":"RCCE00361 - Cipec Industrial de Autope\u00e7as LTDA","isPartOf":{"@id":"https:\/\/cipec.com.br\/ing\/#website"},"primaryImageOfPage":{"@id":"https:\/\/cipec.com.br\/ing\/produto\/rcce00361\/#primaryimage"},"image":{"@id":"https:\/\/cipec.com.br\/ing\/produto\/rcce00361\/#primaryimage"},"thumbnailUrl":"https:\/\/cipec.com.br\/ing\/wp-content\/uploads\/2024\/08\/026392.jpg","datePublished":"2024-10-01T17:32:37+00:00","dateModified":"2025-02-04T21:43:55+00:00","breadcrumb":{"@id":"https:\/\/cipec.com.br\/ing\/produto\/rcce00361\/#breadcrumb"},"inLanguage":"pt-BR","potentialAction":[{"@type":"ReadAction","target":["https:\/\/cipec.com.br\/ing\/produto\/rcce00361\/"]}]},{"@type":"ImageObject","inLanguage":"pt-BR","@id":"https:\/\/cipec.com.br\/ing\/produto\/rcce00361\/#primaryimage","url":"https:\/\/cipec.com.br\/ing\/wp-content\/uploads\/2024\/08\/026392.jpg","contentUrl":"https:\/\/cipec.com.br\/ing\/wp-content\/uploads\/2024\/08\/026392.jpg","width":350,"height":350},{"@type":"BreadcrumbList","@id":"https:\/\/cipec.com.br\/ing\/produto\/rcce00361\/#breadcrumb","itemListElement":[{"@type":"ListItem","position":1,"name":"Home","item":"https:\/\/cipec.com.br\/ing\/"},{"@type":"ListItem","position":2,"name":"Produtos","item":"https:\/\/cipec.com.br\/ing\/shop\/"},{"@type":"ListItem","position":3,"name":"RCCE00361"}]},{"@type":"WebSite","@id":"https:\/\/cipec.com.br\/ing\/#website","url":"https:\/\/cipec.com.br\/ing\/","name":"Cipec Industrial de Autope\u00e7as LTDA","description":"A Cipec \u00e9 uma empresa que iniciou suas atividades em 1983 na cidade de S\u00e3o Caetano, como distribuidor e fabricante de pe\u00e7as de reposi\u00e7\u00e3o para caminh\u00f5es e \u00f4nibus.","publisher":{"@id":"https:\/\/cipec.com.br\/ing\/#organization"},"potentialAction":[{"@type":"SearchAction","target":{"@type":"EntryPoint","urlTemplate":"https:\/\/cipec.com.br\/ing\/?s={search_term_string}"},"query-input":{"@type":"PropertyValueSpecification","valueRequired":true,"valueName":"search_term_string"}}],"inLanguage":"pt-BR"},{"@type":"Organization","@id":"https:\/\/cipec.com.br\/ing\/#organization","name":"Cipec Industrial de Autope\u00e7as LTDA","url":"https:\/\/cipec.com.br\/ing\/","logo":{"@type":"ImageObject","inLanguage":"pt-BR","@id":"https:\/\/cipec.com.br\/ing\/#\/schema\/logo\/image\/","url":"https:\/\/cipec.com.br\/ing\/wp-content\/uploads\/2024\/07\/cropped-marca-cipec.png","contentUrl":"https:\/\/cipec.com.br\/ing\/wp-content\/uploads\/2024\/07\/cropped-marca-cipec.png","width":210,"height":70,"caption":"Cipec Industrial de Autope\u00e7as LTDA"},"image":{"@id":"https:\/\/cipec.com.br\/ing\/#\/schema\/logo\/image\/"}}]}},"_links":{"self":[{"href":"https:\/\/cipec.com.br\/ing\/wp-json\/wp\/v2\/product\/45645","targetHints":{"allow":["GET"]}}],"collection":[{"href":"https:\/\/cipec.com.br\/ing\/wp-json\/wp\/v2\/product"}],"about":[{"href":"https:\/\/cipec.com.br\/ing\/wp-json\/wp\/v2\/types\/product"}],"version-history":[{"count":3,"href":"https:\/\/cipec.com.br\/ing\/wp-json\/wp\/v2\/product\/45645\/revisions"}],"predecessor-version":[{"id":52189,"href":"https:\/\/cipec.com.br\/ing\/wp-json\/wp\/v2\/product\/45645\/revisions\/52189"}],"wp:featuredmedia":[{"embeddable":true,"href":"https:\/\/cipec.com.br\/ing\/wp-json\/wp\/v2\/media\/41187"}],"wp:attachment":[{"href":"https:\/\/cipec.com.br\/ing\/wp-json\/wp\/v2\/media?parent=45645"}],"wp:term":[{"taxonomy":"product_brand","embeddable":true,"href":"https:\/\/cipec.com.br\/ing\/wp-json\/wp\/v2\/product_brand?post=45645"},{"taxonomy":"product_cat","embeddable":true,"href":"https:\/\/cipec.com.br\/ing\/wp-json\/wp\/v2\/product_cat?post=45645"},{"taxonomy":"product_tag","embeddable":true,"href":"https:\/\/cipec.com.br\/ing\/wp-json\/wp\/v2\/product_tag?post=45645"}],"curies":[{"name":"wp","href":"https:\/\/api.w.org\/{rel}","templated":true}]}}