{"id":47844,"date":"2024-10-01T14:41:37","date_gmt":"2024-10-01T17:41:37","guid":{"rendered":"https:\/\/cipec.com.br\/ing\/?post_type=product&#038;p=47844"},"modified":"2024-10-01T14:41:40","modified_gmt":"2024-10-01T17:41:40","slug":"bf0x3115aa","status":"publish","type":"product","link":"https:\/\/cipec.com.br\/ing\/produto\/bf0x3115aa\/","title":{"rendered":"BF0X3115AA"},"content":{"rendered":"<\/p>\n<ul>\n<li>022133&nbsp;<b>FORD<\/b><\/li>\n<li>BF0X3115AA&nbsp;<b>FORD<\/b><\/li>\n<li>BF0X3115AA010&nbsp;<b>FORD<\/b><\/li>\n<li>6007008035007010&nbsp;<b>AGRALE<\/b><\/li>\n<\/ul>\n","protected":false},"excerpt":{"rendered":"<p>Pino Manga Eixo Meritor &#8211; 31,45 X 180,0 (0,10)<\/p>\n","protected":false},"featured_media":38089,"template":"","meta":{"_joinchat":[]},"product_brand":[],"product_cat":[37],"product_tag":[67],"class_list":{"0":"post-47844","1":"product","2":"type-product","3":"status-publish","4":"has-post-thumbnail","6":"product_cat-pino","7":"product_tag-ford","9":"first","10":"outofstock","11":"featured","12":"shipping-taxable","13":"product-type-simple"},"yoast_head":"<!-- This site is optimized with the Yoast SEO plugin v27.1.1 - https:\/\/yoast.com\/product\/yoast-seo-wordpress\/ -->\n<title>BF0X3115AA - Cipec Industrial de Autope\u00e7as LTDA<\/title>\n<meta name=\"robots\" content=\"index, follow, max-snippet:-1, max-image-preview:large, max-video-preview:-1\" \/>\n<link rel=\"canonical\" href=\"https:\/\/cipec.com.br\/ing\/produto\/bf0x3115aa\/\" \/>\n<meta property=\"og:locale\" content=\"pt_BR\" \/>\n<meta property=\"og:type\" content=\"article\" \/>\n<meta property=\"og:title\" content=\"BF0X3115AA - Cipec Industrial de Autope\u00e7as LTDA\" \/>\n<meta property=\"og:description\" content=\"Pino Manga Eixo Meritor - 31,45 X 180,0 (0,10)\" \/>\n<meta property=\"og:url\" content=\"https:\/\/cipec.com.br\/ing\/produto\/bf0x3115aa\/\" \/>\n<meta property=\"og:site_name\" content=\"Cipec Industrial de Autope\u00e7as LTDA\" \/>\n<meta property=\"article:modified_time\" content=\"2024-10-01T17:41:40+00:00\" \/>\n<meta property=\"og:image\" content=\"https:\/\/cipec.com.br\/ing\/wp-content\/uploads\/2024\/08\/022133.jpg\" \/>\n\t<meta property=\"og:image:width\" content=\"350\" \/>\n\t<meta property=\"og:image:height\" content=\"240\" \/>\n\t<meta property=\"og:image:type\" content=\"image\/jpeg\" \/>\n<meta name=\"twitter:card\" content=\"summary_large_image\" \/>\n<script type=\"application\/ld+json\" class=\"yoast-schema-graph\">{\"@context\":\"https:\/\/schema.org\",\"@graph\":[{\"@type\":\"WebPage\",\"@id\":\"https:\/\/cipec.com.br\/ing\/produto\/bf0x3115aa\/\",\"url\":\"https:\/\/cipec.com.br\/ing\/produto\/bf0x3115aa\/\",\"name\":\"BF0X3115AA - Cipec Industrial de Autope\u00e7as LTDA\",\"isPartOf\":{\"@id\":\"https:\/\/cipec.com.br\/ing\/#website\"},\"primaryImageOfPage\":{\"@id\":\"https:\/\/cipec.com.br\/ing\/produto\/bf0x3115aa\/#primaryimage\"},\"image\":{\"@id\":\"https:\/\/cipec.com.br\/ing\/produto\/bf0x3115aa\/#primaryimage\"},\"thumbnailUrl\":\"https:\/\/cipec.com.br\/ing\/wp-content\/uploads\/2024\/08\/022133.jpg\",\"datePublished\":\"2024-10-01T17:41:37+00:00\",\"dateModified\":\"2024-10-01T17:41:40+00:00\",\"breadcrumb\":{\"@id\":\"https:\/\/cipec.com.br\/ing\/produto\/bf0x3115aa\/#breadcrumb\"},\"inLanguage\":\"pt-BR\",\"potentialAction\":[{\"@type\":\"ReadAction\",\"target\":[\"https:\/\/cipec.com.br\/ing\/produto\/bf0x3115aa\/\"]}]},{\"@type\":\"ImageObject\",\"inLanguage\":\"pt-BR\",\"@id\":\"https:\/\/cipec.com.br\/ing\/produto\/bf0x3115aa\/#primaryimage\",\"url\":\"https:\/\/cipec.com.br\/ing\/wp-content\/uploads\/2024\/08\/022133.jpg\",\"contentUrl\":\"https:\/\/cipec.com.br\/ing\/wp-content\/uploads\/2024\/08\/022133.jpg\",\"width\":350,\"height\":240},{\"@type\":\"BreadcrumbList\",\"@id\":\"https:\/\/cipec.com.br\/ing\/produto\/bf0x3115aa\/#breadcrumb\",\"itemListElement\":[{\"@type\":\"ListItem\",\"position\":1,\"name\":\"Home\",\"item\":\"https:\/\/cipec.com.br\/ing\/\"},{\"@type\":\"ListItem\",\"position\":2,\"name\":\"Produtos\",\"item\":\"https:\/\/cipec.com.br\/ing\/shop\/\"},{\"@type\":\"ListItem\",\"position\":3,\"name\":\"BF0X3115AA\"}]},{\"@type\":\"WebSite\",\"@id\":\"https:\/\/cipec.com.br\/ing\/#website\",\"url\":\"https:\/\/cipec.com.br\/ing\/\",\"name\":\"Cipec Industrial de Autope\u00e7as LTDA\",\"description\":\"A Cipec \u00e9 uma empresa que iniciou suas atividades em 1983 na cidade de S\u00e3o Caetano, como distribuidor e fabricante de pe\u00e7as de reposi\u00e7\u00e3o para caminh\u00f5es e \u00f4nibus.\",\"publisher\":{\"@id\":\"https:\/\/cipec.com.br\/ing\/#organization\"},\"potentialAction\":[{\"@type\":\"SearchAction\",\"target\":{\"@type\":\"EntryPoint\",\"urlTemplate\":\"https:\/\/cipec.com.br\/ing\/?s={search_term_string}\"},\"query-input\":{\"@type\":\"PropertyValueSpecification\",\"valueRequired\":true,\"valueName\":\"search_term_string\"}}],\"inLanguage\":\"pt-BR\"},{\"@type\":\"Organization\",\"@id\":\"https:\/\/cipec.com.br\/ing\/#organization\",\"name\":\"Cipec Industrial de Autope\u00e7as LTDA\",\"url\":\"https:\/\/cipec.com.br\/ing\/\",\"logo\":{\"@type\":\"ImageObject\",\"inLanguage\":\"pt-BR\",\"@id\":\"https:\/\/cipec.com.br\/ing\/#\/schema\/logo\/image\/\",\"url\":\"https:\/\/cipec.com.br\/ing\/wp-content\/uploads\/2024\/07\/cropped-marca-cipec.png\",\"contentUrl\":\"https:\/\/cipec.com.br\/ing\/wp-content\/uploads\/2024\/07\/cropped-marca-cipec.png\",\"width\":210,\"height\":70,\"caption\":\"Cipec Industrial de Autope\u00e7as LTDA\"},\"image\":{\"@id\":\"https:\/\/cipec.com.br\/ing\/#\/schema\/logo\/image\/\"}}]}<\/script>\n<!-- \/ Yoast SEO plugin. -->","yoast_head_json":{"title":"BF0X3115AA - Cipec Industrial de Autope\u00e7as LTDA","robots":{"index":"index","follow":"follow","max-snippet":"max-snippet:-1","max-image-preview":"max-image-preview:large","max-video-preview":"max-video-preview:-1"},"canonical":"https:\/\/cipec.com.br\/ing\/produto\/bf0x3115aa\/","og_locale":"pt_BR","og_type":"article","og_title":"BF0X3115AA - Cipec Industrial de Autope\u00e7as LTDA","og_description":"Pino Manga Eixo Meritor - 31,45 X 180,0 (0,10)","og_url":"https:\/\/cipec.com.br\/ing\/produto\/bf0x3115aa\/","og_site_name":"Cipec Industrial de Autope\u00e7as LTDA","article_modified_time":"2024-10-01T17:41:40+00:00","og_image":[{"width":350,"height":240,"url":"https:\/\/cipec.com.br\/ing\/wp-content\/uploads\/2024\/08\/022133.jpg","type":"image\/jpeg"}],"twitter_card":"summary_large_image","schema":{"@context":"https:\/\/schema.org","@graph":[{"@type":"WebPage","@id":"https:\/\/cipec.com.br\/ing\/produto\/bf0x3115aa\/","url":"https:\/\/cipec.com.br\/ing\/produto\/bf0x3115aa\/","name":"BF0X3115AA - Cipec Industrial de Autope\u00e7as LTDA","isPartOf":{"@id":"https:\/\/cipec.com.br\/ing\/#website"},"primaryImageOfPage":{"@id":"https:\/\/cipec.com.br\/ing\/produto\/bf0x3115aa\/#primaryimage"},"image":{"@id":"https:\/\/cipec.com.br\/ing\/produto\/bf0x3115aa\/#primaryimage"},"thumbnailUrl":"https:\/\/cipec.com.br\/ing\/wp-content\/uploads\/2024\/08\/022133.jpg","datePublished":"2024-10-01T17:41:37+00:00","dateModified":"2024-10-01T17:41:40+00:00","breadcrumb":{"@id":"https:\/\/cipec.com.br\/ing\/produto\/bf0x3115aa\/#breadcrumb"},"inLanguage":"pt-BR","potentialAction":[{"@type":"ReadAction","target":["https:\/\/cipec.com.br\/ing\/produto\/bf0x3115aa\/"]}]},{"@type":"ImageObject","inLanguage":"pt-BR","@id":"https:\/\/cipec.com.br\/ing\/produto\/bf0x3115aa\/#primaryimage","url":"https:\/\/cipec.com.br\/ing\/wp-content\/uploads\/2024\/08\/022133.jpg","contentUrl":"https:\/\/cipec.com.br\/ing\/wp-content\/uploads\/2024\/08\/022133.jpg","width":350,"height":240},{"@type":"BreadcrumbList","@id":"https:\/\/cipec.com.br\/ing\/produto\/bf0x3115aa\/#breadcrumb","itemListElement":[{"@type":"ListItem","position":1,"name":"Home","item":"https:\/\/cipec.com.br\/ing\/"},{"@type":"ListItem","position":2,"name":"Produtos","item":"https:\/\/cipec.com.br\/ing\/shop\/"},{"@type":"ListItem","position":3,"name":"BF0X3115AA"}]},{"@type":"WebSite","@id":"https:\/\/cipec.com.br\/ing\/#website","url":"https:\/\/cipec.com.br\/ing\/","name":"Cipec Industrial de Autope\u00e7as LTDA","description":"A Cipec \u00e9 uma empresa que iniciou suas atividades em 1983 na cidade de S\u00e3o Caetano, como distribuidor e fabricante de pe\u00e7as de reposi\u00e7\u00e3o para caminh\u00f5es e \u00f4nibus.","publisher":{"@id":"https:\/\/cipec.com.br\/ing\/#organization"},"potentialAction":[{"@type":"SearchAction","target":{"@type":"EntryPoint","urlTemplate":"https:\/\/cipec.com.br\/ing\/?s={search_term_string}"},"query-input":{"@type":"PropertyValueSpecification","valueRequired":true,"valueName":"search_term_string"}}],"inLanguage":"pt-BR"},{"@type":"Organization","@id":"https:\/\/cipec.com.br\/ing\/#organization","name":"Cipec Industrial de Autope\u00e7as LTDA","url":"https:\/\/cipec.com.br\/ing\/","logo":{"@type":"ImageObject","inLanguage":"pt-BR","@id":"https:\/\/cipec.com.br\/ing\/#\/schema\/logo\/image\/","url":"https:\/\/cipec.com.br\/ing\/wp-content\/uploads\/2024\/07\/cropped-marca-cipec.png","contentUrl":"https:\/\/cipec.com.br\/ing\/wp-content\/uploads\/2024\/07\/cropped-marca-cipec.png","width":210,"height":70,"caption":"Cipec Industrial de Autope\u00e7as LTDA"},"image":{"@id":"https:\/\/cipec.com.br\/ing\/#\/schema\/logo\/image\/"}}]}},"_links":{"self":[{"href":"https:\/\/cipec.com.br\/ing\/wp-json\/wp\/v2\/product\/47844","targetHints":{"allow":["GET"]}}],"collection":[{"href":"https:\/\/cipec.com.br\/ing\/wp-json\/wp\/v2\/product"}],"about":[{"href":"https:\/\/cipec.com.br\/ing\/wp-json\/wp\/v2\/types\/product"}],"version-history":[{"count":0,"href":"https:\/\/cipec.com.br\/ing\/wp-json\/wp\/v2\/product\/47844\/revisions"}],"wp:featuredmedia":[{"embeddable":true,"href":"https:\/\/cipec.com.br\/ing\/wp-json\/wp\/v2\/media\/38089"}],"wp:attachment":[{"href":"https:\/\/cipec.com.br\/ing\/wp-json\/wp\/v2\/media?parent=47844"}],"wp:term":[{"taxonomy":"product_brand","embeddable":true,"href":"https:\/\/cipec.com.br\/ing\/wp-json\/wp\/v2\/product_brand?post=47844"},{"taxonomy":"product_cat","embeddable":true,"href":"https:\/\/cipec.com.br\/ing\/wp-json\/wp\/v2\/product_cat?post=47844"},{"taxonomy":"product_tag","embeddable":true,"href":"https:\/\/cipec.com.br\/ing\/wp-json\/wp\/v2\/product_tag?post=47844"}],"curies":[{"name":"wp","href":"https:\/\/api.w.org\/{rel}","templated":true}]}}