{"id":49279,"date":"2024-10-01T14:48:36","date_gmt":"2024-10-01T17:48:36","guid":{"rendered":"https:\/\/cipec.com.br\/ing\/?post_type=product&#038;p=49279"},"modified":"2024-10-01T14:48:40","modified_gmt":"2024-10-01T17:48:40","slug":"42554882","status":"publish","type":"product","link":"https:\/\/cipec.com.br\/ing\/produto\/42554882\/","title":{"rendered":"42554882"},"content":{"rendered":"<\/p>\n<ul>\n<li>024041&nbsp;<b>IVECO<\/b><\/li>\n<li>BF5X4676A&nbsp;<b>FORD<\/b><\/li>\n<li>BF0X4676BA&nbsp;<b>FORD<\/b><\/li>\n<li>BG5X4676BA&nbsp;<b>FORD<\/b><\/li>\n<li>20883007 V&nbsp;<b>VOLVO<\/b><\/li>\n<li>42554882&nbsp;<b>IVECO<\/b><\/li>\n<li>93192045&nbsp;<b>IVECO<\/b><\/li>\n<li>A11205Y2729&nbsp;<b>VW<\/b><\/li>\n<li>TAR525413&nbsp;<b>VW<\/b><\/li>\n<li>2RR598325&nbsp;<b>VW<\/b><\/li>\n<li>2S0198049A&nbsp;<b>VW<\/b><\/li>\n<li>2S0198049C&nbsp;<b>VW<\/b><\/li>\n<\/ul>\n","protected":false},"excerpt":{"rendered":"<p>Ret. Eixo Saida &#8211; 1? Diferencial<\/p>\n","protected":false},"featured_media":42034,"template":"","meta":{"_joinchat":[]},"product_brand":[],"product_cat":[41],"product_tag":[68],"class_list":{"0":"post-49279","1":"product","2":"type-product","3":"status-publish","4":"has-post-thumbnail","6":"product_cat-retentor","7":"product_tag-iveco","9":"first","10":"outofstock","11":"featured","12":"shipping-taxable","13":"product-type-simple"},"yoast_head":"<!-- This site is optimized with the Yoast SEO plugin v27.5 - https:\/\/yoast.com\/product\/yoast-seo-wordpress\/ -->\n<title>42554882 - Cipec Industrial de Autope\u00e7as LTDA<\/title>\n<meta name=\"robots\" content=\"index, follow, max-snippet:-1, max-image-preview:large, max-video-preview:-1\" \/>\n<link rel=\"canonical\" href=\"https:\/\/cipec.com.br\/ing\/produto\/42554882\/\" \/>\n<meta property=\"og:locale\" content=\"pt_BR\" \/>\n<meta property=\"og:type\" content=\"article\" \/>\n<meta property=\"og:title\" content=\"42554882 - Cipec Industrial de Autope\u00e7as LTDA\" \/>\n<meta property=\"og:description\" content=\"Ret. Eixo Saida - 1? Diferencial\" \/>\n<meta property=\"og:url\" content=\"https:\/\/cipec.com.br\/ing\/produto\/42554882\/\" \/>\n<meta property=\"og:site_name\" content=\"Cipec Industrial de Autope\u00e7as LTDA\" \/>\n<meta property=\"article:modified_time\" content=\"2024-10-01T17:48:40+00:00\" \/>\n<meta property=\"og:image\" content=\"https:\/\/cipec.com.br\/ing\/wp-content\/uploads\/2024\/08\/024041.jpg\" \/>\n\t<meta property=\"og:image:width\" content=\"350\" \/>\n\t<meta property=\"og:image:height\" content=\"233\" \/>\n\t<meta property=\"og:image:type\" content=\"image\/jpeg\" \/>\n<meta name=\"twitter:card\" content=\"summary_large_image\" \/>\n<script type=\"application\/ld+json\" class=\"yoast-schema-graph\">{\"@context\":\"https:\\\/\\\/schema.org\",\"@graph\":[{\"@type\":\"WebPage\",\"@id\":\"https:\\\/\\\/cipec.com.br\\\/ing\\\/produto\\\/42554882\\\/\",\"url\":\"https:\\\/\\\/cipec.com.br\\\/ing\\\/produto\\\/42554882\\\/\",\"name\":\"42554882 - Cipec Industrial de Autope\u00e7as LTDA\",\"isPartOf\":{\"@id\":\"https:\\\/\\\/cipec.com.br\\\/ing\\\/#website\"},\"primaryImageOfPage\":{\"@id\":\"https:\\\/\\\/cipec.com.br\\\/ing\\\/produto\\\/42554882\\\/#primaryimage\"},\"image\":{\"@id\":\"https:\\\/\\\/cipec.com.br\\\/ing\\\/produto\\\/42554882\\\/#primaryimage\"},\"thumbnailUrl\":\"https:\\\/\\\/cipec.com.br\\\/ing\\\/wp-content\\\/uploads\\\/2024\\\/08\\\/024041.jpg\",\"datePublished\":\"2024-10-01T17:48:36+00:00\",\"dateModified\":\"2024-10-01T17:48:40+00:00\",\"breadcrumb\":{\"@id\":\"https:\\\/\\\/cipec.com.br\\\/ing\\\/produto\\\/42554882\\\/#breadcrumb\"},\"inLanguage\":\"pt-BR\",\"potentialAction\":[{\"@type\":\"ReadAction\",\"target\":[\"https:\\\/\\\/cipec.com.br\\\/ing\\\/produto\\\/42554882\\\/\"]}]},{\"@type\":\"ImageObject\",\"inLanguage\":\"pt-BR\",\"@id\":\"https:\\\/\\\/cipec.com.br\\\/ing\\\/produto\\\/42554882\\\/#primaryimage\",\"url\":\"https:\\\/\\\/cipec.com.br\\\/ing\\\/wp-content\\\/uploads\\\/2024\\\/08\\\/024041.jpg\",\"contentUrl\":\"https:\\\/\\\/cipec.com.br\\\/ing\\\/wp-content\\\/uploads\\\/2024\\\/08\\\/024041.jpg\",\"width\":350,\"height\":233},{\"@type\":\"BreadcrumbList\",\"@id\":\"https:\\\/\\\/cipec.com.br\\\/ing\\\/produto\\\/42554882\\\/#breadcrumb\",\"itemListElement\":[{\"@type\":\"ListItem\",\"position\":1,\"name\":\"Home\",\"item\":\"https:\\\/\\\/cipec.com.br\\\/ing\\\/\"},{\"@type\":\"ListItem\",\"position\":2,\"name\":\"Produtos\",\"item\":\"https:\\\/\\\/cipec.com.br\\\/ing\\\/shop\\\/\"},{\"@type\":\"ListItem\",\"position\":3,\"name\":\"42554882\"}]},{\"@type\":\"WebSite\",\"@id\":\"https:\\\/\\\/cipec.com.br\\\/ing\\\/#website\",\"url\":\"https:\\\/\\\/cipec.com.br\\\/ing\\\/\",\"name\":\"Cipec Industrial de Autope\u00e7as LTDA\",\"description\":\"A Cipec \u00e9 uma empresa que iniciou suas atividades em 1983 na cidade de S\u00e3o Caetano, como distribuidor e fabricante de pe\u00e7as de reposi\u00e7\u00e3o para caminh\u00f5es e \u00f4nibus.\",\"publisher\":{\"@id\":\"https:\\\/\\\/cipec.com.br\\\/ing\\\/#organization\"},\"potentialAction\":[{\"@type\":\"SearchAction\",\"target\":{\"@type\":\"EntryPoint\",\"urlTemplate\":\"https:\\\/\\\/cipec.com.br\\\/ing\\\/?s={search_term_string}\"},\"query-input\":{\"@type\":\"PropertyValueSpecification\",\"valueRequired\":true,\"valueName\":\"search_term_string\"}}],\"inLanguage\":\"pt-BR\"},{\"@type\":\"Organization\",\"@id\":\"https:\\\/\\\/cipec.com.br\\\/ing\\\/#organization\",\"name\":\"Cipec Industrial de Autope\u00e7as LTDA\",\"url\":\"https:\\\/\\\/cipec.com.br\\\/ing\\\/\",\"logo\":{\"@type\":\"ImageObject\",\"inLanguage\":\"pt-BR\",\"@id\":\"https:\\\/\\\/cipec.com.br\\\/ing\\\/#\\\/schema\\\/logo\\\/image\\\/\",\"url\":\"https:\\\/\\\/cipec.com.br\\\/ing\\\/wp-content\\\/uploads\\\/2024\\\/07\\\/cropped-marca-cipec.png\",\"contentUrl\":\"https:\\\/\\\/cipec.com.br\\\/ing\\\/wp-content\\\/uploads\\\/2024\\\/07\\\/cropped-marca-cipec.png\",\"width\":210,\"height\":70,\"caption\":\"Cipec Industrial de Autope\u00e7as LTDA\"},\"image\":{\"@id\":\"https:\\\/\\\/cipec.com.br\\\/ing\\\/#\\\/schema\\\/logo\\\/image\\\/\"}}]}<\/script>\n<!-- \/ Yoast SEO plugin. -->","yoast_head_json":{"title":"42554882 - Cipec Industrial de Autope\u00e7as LTDA","robots":{"index":"index","follow":"follow","max-snippet":"max-snippet:-1","max-image-preview":"max-image-preview:large","max-video-preview":"max-video-preview:-1"},"canonical":"https:\/\/cipec.com.br\/ing\/produto\/42554882\/","og_locale":"pt_BR","og_type":"article","og_title":"42554882 - Cipec Industrial de Autope\u00e7as LTDA","og_description":"Ret. Eixo Saida - 1? Diferencial","og_url":"https:\/\/cipec.com.br\/ing\/produto\/42554882\/","og_site_name":"Cipec Industrial de Autope\u00e7as LTDA","article_modified_time":"2024-10-01T17:48:40+00:00","og_image":[{"width":350,"height":233,"url":"https:\/\/cipec.com.br\/ing\/wp-content\/uploads\/2024\/08\/024041.jpg","type":"image\/jpeg"}],"twitter_card":"summary_large_image","schema":{"@context":"https:\/\/schema.org","@graph":[{"@type":"WebPage","@id":"https:\/\/cipec.com.br\/ing\/produto\/42554882\/","url":"https:\/\/cipec.com.br\/ing\/produto\/42554882\/","name":"42554882 - Cipec Industrial de Autope\u00e7as LTDA","isPartOf":{"@id":"https:\/\/cipec.com.br\/ing\/#website"},"primaryImageOfPage":{"@id":"https:\/\/cipec.com.br\/ing\/produto\/42554882\/#primaryimage"},"image":{"@id":"https:\/\/cipec.com.br\/ing\/produto\/42554882\/#primaryimage"},"thumbnailUrl":"https:\/\/cipec.com.br\/ing\/wp-content\/uploads\/2024\/08\/024041.jpg","datePublished":"2024-10-01T17:48:36+00:00","dateModified":"2024-10-01T17:48:40+00:00","breadcrumb":{"@id":"https:\/\/cipec.com.br\/ing\/produto\/42554882\/#breadcrumb"},"inLanguage":"pt-BR","potentialAction":[{"@type":"ReadAction","target":["https:\/\/cipec.com.br\/ing\/produto\/42554882\/"]}]},{"@type":"ImageObject","inLanguage":"pt-BR","@id":"https:\/\/cipec.com.br\/ing\/produto\/42554882\/#primaryimage","url":"https:\/\/cipec.com.br\/ing\/wp-content\/uploads\/2024\/08\/024041.jpg","contentUrl":"https:\/\/cipec.com.br\/ing\/wp-content\/uploads\/2024\/08\/024041.jpg","width":350,"height":233},{"@type":"BreadcrumbList","@id":"https:\/\/cipec.com.br\/ing\/produto\/42554882\/#breadcrumb","itemListElement":[{"@type":"ListItem","position":1,"name":"Home","item":"https:\/\/cipec.com.br\/ing\/"},{"@type":"ListItem","position":2,"name":"Produtos","item":"https:\/\/cipec.com.br\/ing\/shop\/"},{"@type":"ListItem","position":3,"name":"42554882"}]},{"@type":"WebSite","@id":"https:\/\/cipec.com.br\/ing\/#website","url":"https:\/\/cipec.com.br\/ing\/","name":"Cipec Industrial de Autope\u00e7as LTDA","description":"A Cipec \u00e9 uma empresa que iniciou suas atividades em 1983 na cidade de S\u00e3o Caetano, como distribuidor e fabricante de pe\u00e7as de reposi\u00e7\u00e3o para caminh\u00f5es e \u00f4nibus.","publisher":{"@id":"https:\/\/cipec.com.br\/ing\/#organization"},"potentialAction":[{"@type":"SearchAction","target":{"@type":"EntryPoint","urlTemplate":"https:\/\/cipec.com.br\/ing\/?s={search_term_string}"},"query-input":{"@type":"PropertyValueSpecification","valueRequired":true,"valueName":"search_term_string"}}],"inLanguage":"pt-BR"},{"@type":"Organization","@id":"https:\/\/cipec.com.br\/ing\/#organization","name":"Cipec Industrial de Autope\u00e7as LTDA","url":"https:\/\/cipec.com.br\/ing\/","logo":{"@type":"ImageObject","inLanguage":"pt-BR","@id":"https:\/\/cipec.com.br\/ing\/#\/schema\/logo\/image\/","url":"https:\/\/cipec.com.br\/ing\/wp-content\/uploads\/2024\/07\/cropped-marca-cipec.png","contentUrl":"https:\/\/cipec.com.br\/ing\/wp-content\/uploads\/2024\/07\/cropped-marca-cipec.png","width":210,"height":70,"caption":"Cipec Industrial de Autope\u00e7as LTDA"},"image":{"@id":"https:\/\/cipec.com.br\/ing\/#\/schema\/logo\/image\/"}}]}},"_links":{"self":[{"href":"https:\/\/cipec.com.br\/ing\/wp-json\/wp\/v2\/product\/49279","targetHints":{"allow":["GET"]}}],"collection":[{"href":"https:\/\/cipec.com.br\/ing\/wp-json\/wp\/v2\/product"}],"about":[{"href":"https:\/\/cipec.com.br\/ing\/wp-json\/wp\/v2\/types\/product"}],"version-history":[{"count":0,"href":"https:\/\/cipec.com.br\/ing\/wp-json\/wp\/v2\/product\/49279\/revisions"}],"wp:featuredmedia":[{"embeddable":true,"href":"https:\/\/cipec.com.br\/ing\/wp-json\/wp\/v2\/media\/42034"}],"wp:attachment":[{"href":"https:\/\/cipec.com.br\/ing\/wp-json\/wp\/v2\/media?parent=49279"}],"wp:term":[{"taxonomy":"product_brand","embeddable":true,"href":"https:\/\/cipec.com.br\/ing\/wp-json\/wp\/v2\/product_brand?post=49279"},{"taxonomy":"product_cat","embeddable":true,"href":"https:\/\/cipec.com.br\/ing\/wp-json\/wp\/v2\/product_cat?post=49279"},{"taxonomy":"product_tag","embeddable":true,"href":"https:\/\/cipec.com.br\/ing\/wp-json\/wp\/v2\/product_tag?post=49279"}],"curies":[{"name":"wp","href":"https:\/\/api.w.org\/{rel}","templated":true}]}}